{"id":22214,"date":"2024-06-25T09:03:19","date_gmt":"2024-06-25T07:03:19","guid":{"rendered":"https:\/\/www.casaldelsinfants.org\/politica-de-privacidad\/"},"modified":"2025-10-23T16:32:17","modified_gmt":"2025-10-23T14:32:17","slug":"politica-de-privacitat","status":"publish","type":"page","link":"https:\/\/www.casaldelsinfants.org\/es\/politica-de-privacitat\/","title":{"rendered":"Pol\u00edtica de privacidad"},"content":{"rendered":"<p>[et_pb_section fb_built=\u00bb1&#8243; fullwidth=\u00bbon\u00bb disabled_on=\u00bbon|on|on\u00bb admin_label=\u00bbCap\u00e7alera\u00bb _builder_version=\u00bb4.25.1&#8243; _module_preset=\u00bbdefault\u00bb da_disable_devices=\u00bboff|off|off\u00bb disabled=\u00bbon\u00bb collapsed=\u00bbon\u00bb global_colors_info=\u00bb{}\u00bb da_is_popup=\u00bboff\u00bb da_exit_intent=\u00bboff\u00bb da_has_close=\u00bbon\u00bb da_alt_close=\u00bboff\u00bb da_dark_close=\u00bboff\u00bb da_not_modal=\u00bbon\u00bb da_is_singular=\u00bboff\u00bb da_with_loader=\u00bboff\u00bb da_has_shadow=\u00bbon\u00bb][et_pb_fullwidth_header title=\u00bbPol\u00edtica de privacidad\u00bb _builder_version=\u00bb4.25.1&#8243; _module_preset=\u00bbdefault\u00bb title_font=\u00bbMyriadPro Semibold||||||||\u00bb title_text_align=\u00bbcenter\u00bb title_font_size=\u00bb50px\u00bb content_font=\u00bbMyriadPro Light||||||||\u00bb content_text_align=\u00bbcenter\u00bb content_font_size=\u00bb21px\u00bb background_enable_image=\u00bboff\u00bb custom_padding=\u00bb34px||34px||true|false\u00bb global_colors_info=\u00bb{}\u00bb][\/et_pb_fullwidth_header][\/et_pb_section][et_pb_section fb_built=\u00bb1&#8243; fullwidth=\u00bbon\u00bb admin_label=\u00bbCap\u00e7alera\u00bb _builder_version=\u00bb4.25.1&#8243; _module_preset=\u00bbdefault\u00bb da_disable_devices=\u00bboff|off|off\u00bb collapsed=\u00bbon\u00bb global_colors_info=\u00bb{}\u00bb da_is_popup=\u00bboff\u00bb da_exit_intent=\u00bboff\u00bb da_has_close=\u00bbon\u00bb da_alt_close=\u00bboff\u00bb da_dark_close=\u00bboff\u00bb da_not_modal=\u00bbon\u00bb da_is_singular=\u00bboff\u00bb da_with_loader=\u00bboff\u00bb da_has_shadow=\u00bbon\u00bb][et_pb_fullwidth_header title=\u00bbPol\u00edtica de privacidad\u00bb _builder_version=\u00bb4.25.1&#8243; _module_preset=\u00bbdefault\u00bb title_font=\u00bbMyriadPro Semibold||||||||\u00bb title_text_align=\u00bbleft\u00bb title_font_size=\u00bb50px\u00bb content_font=\u00bbMyriadPro Light||||||||\u00bb content_text_align=\u00bbcenter\u00bb content_font_size=\u00bb21px\u00bb background_enable_image=\u00bboff\u00bb custom_padding=\u00bb34px||0px||false|false\u00bb hover_enabled=\u00bb0&#8243; global_colors_info=\u00bb{}\u00bb title_text_color=\u00bb#000000&#8243; background_color=\u00bbRGBA(255,255,255,0)\u00bb sticky_enabled=\u00bb0&#8243;][\/et_pb_fullwidth_header][\/et_pb_section][et_pb_section fb_built=\u00bb1&#8243; _builder_version=\u00bb4.16&#8243; custom_padding=\u00bb39px||109px|||\u00bb da_disable_devices=\u00bboff|off|off\u00bb collapsed=\u00bbon\u00bb global_colors_info=\u00bb{}\u00bb da_is_popup=\u00bboff\u00bb da_exit_intent=\u00bboff\u00bb da_has_close=\u00bbon\u00bb da_alt_close=\u00bboff\u00bb da_dark_close=\u00bboff\u00bb da_not_modal=\u00bbon\u00bb da_is_singular=\u00bboff\u00bb da_with_loader=\u00bboff\u00bb da_has_shadow=\u00bbon\u00bb][et_pb_row _builder_version=\u00bb4.25.1&#8243; background_size=\u00bbinitial\u00bb background_position=\u00bbtop_left\u00bb background_repeat=\u00bbrepeat\u00bb hover_enabled=\u00bb0&#8243; global_colors_info=\u00bb{}\u00bb custom_padding=\u00bb0px||0px||true|false\u00bb sticky_enabled=\u00bb0&#8243;][et_pb_column type=\u00bb4_4&#8243; _builder_version=\u00bb4.16&#8243; custom_padding=\u00bb|||\u00bb global_colors_info=\u00bb{}\u00bb custom_padding__hover=\u00bb|||\u00bb][et_pb_text _builder_version=\u00bb4.25.1&#8243; background_size=\u00bbinitial\u00bb background_position=\u00bbtop_left\u00bb background_repeat=\u00bbrepeat\u00bb hover_enabled=\u00bb0&#8243; global_colors_info=\u00bb{}\u00bb sticky_enabled=\u00bb0&#8243;]<\/p>\n<h2>\u00bfQui\u00e9nes somos?<\/h2>\n<p><strong class=\"privacy-policy-tutorial\">Texto sugerido: <\/strong>Nuestra p\u00e1gina web es: <a href=\"http:\/\/www.casaldelsinfants.org\">www.casaldelsinfants.org<\/a><\/p>\n<h2>Comentarios<\/h2>\n<p><strong class=\"privacy-policy-tutorial\">Texto sugerido: <\/strong> Cuando los visitantes dejan comentarios en la web, recogemos los datos que se muestran al formulario de contacto, as\u00ed como la direcci\u00f3n IP del visitante y la cadena del agente del usuario del navegador para ayudar a la detecci\u00f3n de mensajes basura.<\/p>\n<p>Una cadena anonimizada creada a partir del correo electr\u00f3nico (tambi\u00e9n denominado un hash) puede proporcionarse al servicio Gravatar para ver si lo est\u00e1is usando. La pol\u00edtica de privacidad del servicio Gravatar est\u00e1 disponible aqu\u00ed: <a href=\"https:\/\/automattic.com\/privacy\/\">https:\/\/automattic.com\/privacy\/<\/a>. Una vez aprobado el comentario, la imagen de vuestro perfil es visible al p\u00fablico al contexto del comentario.<\/p>\n<h2>Media<\/h2>\n<p><strong class=\"privacy-policy-tutorial\">Texto sugerido: <\/strong> Si sub\u00eds im\u00e1genes al sitio web, ten\u00e9is que evitar subir im\u00e1genes que incluyan datos de geolocalizaci\u00f3n (EXIF GPS) incrustadas. Los visitantes del sitio web pueden descargar y extraer cualquier informaci\u00f3n de las im\u00e1genes de la web.<\/p>\n<h2>Galletas<\/h2>\n<p><strong class=\"privacy-policy-tutorial\">Texto sugerido: <\/strong>Si dej\u00e1is un comentario en la p\u00e1gina web, pod\u00e9is optar para guardar el nombre, la direcci\u00f3n de correo electr\u00f3nico y la p\u00e1gina web en las galletas. Esto es por vuestra comodidad para que no teng\u00e1is que rellenar los datos de nuevo cuando hac\u00e9is otro comentario. Estas galletas durar\u00e1n un a\u00f1o.<\/p>\n<p>Si ten\u00e9is una cuenta e inici\u00e1is sesi\u00f3n en esta p\u00e1gina web, se definir\u00e1 una galleta temporal para determinar si el navegador acepta galletas. Esta galleta no contiene datos personales y se descartar\u00e1 cuando cerr\u00e1is el navegador<\/p>\n<p>Cuando inici\u00e1is sesi\u00f3n, tambi\u00e9n se configurar\u00e1n varias galletas para guardar la informaci\u00f3n de inicio de sesi\u00f3n y las opciones de visualizaci\u00f3n de la pantalla. Las galletas de inicio de sesi\u00f3n duran dos d\u00edas, y las galletas de opciones de pantalla duran un a\u00f1o. Si seleccion\u00e1is \u00abRecordadme\u00bb, el inicio de sesi\u00f3n persistir\u00e1 durante dos semanas. Si finaliz\u00e1is la sesi\u00f3n, las galletas de inicio de sesi\u00f3n ser\u00e1n eliminadas.<\/p>\n<p>Si edit\u00e1is o public\u00e1is un art\u00edculo, una galleta adicional se guardar\u00e1 al navegador. Esta galleta no incluye datos personales y simplemente indica el identificador de la entrada que acab\u00e1is de editar. Expira despu\u00e9s de 1 d\u00eda.<\/p>\n<h2>Contenido incrustado de otros sitios web<\/h2>\n<p><strong class=\"privacy-policy-tutorial\">Texto sugerido:<\/strong>Los art\u00edculos en esta p\u00e1gina web incluye contenido incrustado (por ejemplo, videos, im\u00e1genes, art\u00edculos, etc.). El contenido incrustado desde otras p\u00e1ginas web se comporta exactamente del mismo modo como si el visitante estuviera visitando la otra p\u00e1gina web.<\/p>\n<p>Estas p\u00e1ginas web pueden recoger datos sobre t\u00fa, usar galletas, incrustar seguimiento adicional de terceras partes, y monitorizar la interacci\u00f3n con el contenido incrustado, incluyendo la traza de la interacci\u00f3n con el contenido incrustado si ten\u00e9is una cuenta y hab\u00e9is iniciado sesi\u00f3n en esta p\u00e1gina web.<\/p>\n<h2>\u00bfCon qui\u00e9n compartimos vuestros datos?<\/h2>\n<p><strong class=\"privacy-policy-tutorial\">Texto sugerido: <\/strong>Si solicit\u00e1is un reinicio de contrase\u00f1a, la direcci\u00f3n UP se incluir\u00e1 en el correo electr\u00f3nico de reinicializaci\u00f3n.<\/p>\n<h2>\u00bfCu\u00e1nto tiempo retenemos los datos?<\/h2>\n<p><strong class=\"privacy-policy-tutorial\">Texto sugerido: <\/strong>Si dej\u00e1is un comentario, el comentario y sus datos meta se retienen indefinidamente. Esto es para poder reconocer y aprobar autom\u00e1ticamente cualquier comentario de seguimiento en lugar de mantenerlos en la cola de moderaci\u00f3n.<\/p>\n<p>Para los usuarios que se registran en la web (si hay), tambi\u00e9n almacenamos la informaci\u00f3n personal que proporcionan a su perfil de usuario. Todos los usuarios pueden ver, editar o suprimir su informaci\u00f3n personal en cualquier momento (excepto que no pueden cambiar su nombre de usuario). Los administradores de la p\u00e1gina web podan tambi\u00e9n editar esta informaci\u00f3n.<\/p>\n<h2>\u00bfQu\u00e9 derechos ten\u00e9is sobre vuestros datos?<\/h2>\n<p><strong class=\"privacy-policy-tutorial\">Texto sugerido: <\/strong> Si ten\u00e9is una cuenta en este sitio web o hab\u00e9is dejado comentarios, pod\u00e9is pedir que os enviemos un fichero de exportaci\u00f3n de vuestros datos personales, incluyendo todos los datos que nos hay\u00e1is proporcionado. Tambi\u00e9n pod\u00e9is pedir que borremos cualquier dato personal vuestro que tengamos. Esto no incluye los datos que estemos obligados a conservar con prop\u00f3sitos administrativos, legales o de seguridad.<\/p>\n<h2>\u00bfD\u00f3nde enviamos vuestros datos?<\/h2>\n<p><strong class=\"privacy-policy-tutorial\">Texto sugerido: <\/strong>Los comentarios de los visitantes tienen que ser comprobados mediante un servicio de detecci\u00f3n de basura automatizado.<\/p>\n<p>[\/et_pb_text][\/et_pb_column][\/et_pb_row][\/et_pb_section]<\/p>\n","protected":false},"excerpt":{"rendered":"<p>\u00bfQui\u00e9nes somos? Texto sugerido: Nuestra p\u00e1gina web es: www.casaldelsinfants.org Comentarios Texto sugerido: Cuando los visitantes dejan comentarios en la web, recogemos los datos que se muestran al formulario de contacto, as\u00ed como la direcci\u00f3n IP del visitante y la cadena del agente del usuario del navegador para ayudar a la detecci\u00f3n de mensajes basura. Una [&hellip;]<\/p>\n","protected":false},"author":1,"featured_media":0,"parent":0,"menu_order":0,"comment_status":"closed","ping_status":"closed","template":"","meta":{"_acf_changed":false,"_et_pb_use_builder":"on","_et_pb_old_content":"","_et_gb_content_width":"","inline_featured_image":false,"footnotes":""},"seus":[],"eixos":[],"class_list":["post-22214","page","type-page","status-publish","hentry"],"acf":[],"yoast_head":"<!-- This site is optimized with the Yoast SEO plugin v27.4 - https:\/\/yoast.com\/product\/yoast-seo-wordpress\/ -->\n<title>Pol\u00edtica de Privacidad | Casal dels Infants<\/title>\n<meta name=\"description\" content=\"El objetivo es informaros de qu\u00e9 informaci\u00f3n recopilamos, por qu\u00e9 la recopilamos y como pod\u00e9is actualizar, gestionar, exportar y suprimir vuestros datos.\" \/>\n<meta name=\"robots\" content=\"index, follow, max-snippet:-1, max-image-preview:large, max-video-preview:-1\" \/>\n<link rel=\"canonical\" href=\"https:\/\/www.casaldelsinfants.org\/es\/politica-de-privacitat\/\" \/>\n<meta property=\"og:locale\" content=\"es_ES\" \/>\n<meta property=\"og:type\" content=\"article\" \/>\n<meta property=\"og:title\" content=\"Pol\u00edtica de Privacidad | Casal dels Infants\" \/>\n<meta property=\"og:description\" content=\"En nuestra web encontrar\u00e1s la Pol\u00edtica de Privacidad de Casal dels Infants.\" \/>\n<meta property=\"og:url\" content=\"https:\/\/www.casaldelsinfants.org\/es\/politica-de-privacitat\/\" \/>\n<meta property=\"og:site_name\" content=\"Casal dels Infants\" \/>\n<meta property=\"article:publisher\" content=\"https:\/\/www.facebook.com\/casalinfants\" \/>\n<meta property=\"article:modified_time\" content=\"2025-10-23T14:32:17+00:00\" \/>\n<meta name=\"twitter:card\" content=\"summary_large_image\" \/>\n<meta name=\"twitter:title\" content=\"Pol\u00edtica de Privacidad | Casal dels Infants\" \/>\n<meta name=\"twitter:description\" content=\"En nuestra web encontrar\u00e1s la Pol\u00edtica de Privacidad de Casal dels Infants.\" \/>\n<meta name=\"twitter:site\" content=\"@casalinfants\" \/>\n<meta name=\"twitter:label1\" content=\"Tiempo de lectura\" \/>\n\t<meta name=\"twitter:data1\" content=\"4 minutos\" \/>\n<script type=\"application\/ld+json\" class=\"yoast-schema-graph\">{\"@context\":\"https:\\\/\\\/schema.org\",\"@graph\":[{\"@type\":\"WebPage\",\"@id\":\"https:\\\/\\\/www.casaldelsinfants.org\\\/es\\\/politica-de-privacitat\\\/\",\"url\":\"https:\\\/\\\/www.casaldelsinfants.org\\\/es\\\/politica-de-privacitat\\\/\",\"name\":\"Pol\u00edtica de Privacidad | Casal dels Infants\",\"isPartOf\":{\"@id\":\"https:\\\/\\\/www.casaldelsinfants.org\\\/es\\\/#website\"},\"datePublished\":\"2024-06-25T07:03:19+00:00\",\"dateModified\":\"2025-10-23T14:32:17+00:00\",\"description\":\"El objetivo es informaros de qu\u00e9 informaci\u00f3n recopilamos, por qu\u00e9 la recopilamos y como pod\u00e9is actualizar, gestionar, exportar y suprimir vuestros datos.\",\"breadcrumb\":{\"@id\":\"https:\\\/\\\/www.casaldelsinfants.org\\\/es\\\/politica-de-privacitat\\\/#breadcrumb\"},\"inLanguage\":\"es\",\"potentialAction\":[{\"@type\":\"ReadAction\",\"target\":[\"https:\\\/\\\/www.casaldelsinfants.org\\\/es\\\/politica-de-privacitat\\\/\"]}]},{\"@type\":\"BreadcrumbList\",\"@id\":\"https:\\\/\\\/www.casaldelsinfants.org\\\/es\\\/politica-de-privacitat\\\/#breadcrumb\",\"itemListElement\":[{\"@type\":\"ListItem\",\"position\":1,\"name\":\"Inici\",\"item\":\"https:\\\/\\\/www.casaldelsinfants.org\\\/es\\\/\"},{\"@type\":\"ListItem\",\"position\":2,\"name\":\"Pol\u00edtica de privacidad\"}]},{\"@type\":\"WebSite\",\"@id\":\"https:\\\/\\\/www.casaldelsinfants.org\\\/es\\\/#website\",\"url\":\"https:\\\/\\\/www.casaldelsinfants.org\\\/es\\\/\",\"name\":\"Casal dels Infants\",\"description\":\"\",\"publisher\":{\"@id\":\"https:\\\/\\\/www.casaldelsinfants.org\\\/es\\\/#organization\"},\"potentialAction\":[{\"@type\":\"SearchAction\",\"target\":{\"@type\":\"EntryPoint\",\"urlTemplate\":\"https:\\\/\\\/www.casaldelsinfants.org\\\/es\\\/?s={search_term_string}\"},\"query-input\":{\"@type\":\"PropertyValueSpecification\",\"valueRequired\":true,\"valueName\":\"search_term_string\"}}],\"inLanguage\":\"es\"},{\"@type\":\"Organization\",\"@id\":\"https:\\\/\\\/www.casaldelsinfants.org\\\/es\\\/#organization\",\"name\":\"Casal dels Infants\",\"url\":\"https:\\\/\\\/www.casaldelsinfants.org\\\/es\\\/\",\"logo\":{\"@type\":\"ImageObject\",\"inLanguage\":\"es\",\"@id\":\"https:\\\/\\\/www.casaldelsinfants.org\\\/es\\\/#\\\/schema\\\/logo\\\/image\\\/\",\"url\":\"https:\\\/\\\/www.casaldelsinfants.org\\\/wp-content\\\/uploads\\\/logo-mail.png\",\"contentUrl\":\"https:\\\/\\\/www.casaldelsinfants.org\\\/wp-content\\\/uploads\\\/logo-mail.png\",\"width\":380,\"height\":158,\"caption\":\"Casal dels Infants\"},\"image\":{\"@id\":\"https:\\\/\\\/www.casaldelsinfants.org\\\/es\\\/#\\\/schema\\\/logo\\\/image\\\/\"},\"sameAs\":[\"https:\\\/\\\/www.facebook.com\\\/casalinfants\",\"https:\\\/\\\/x.com\\\/casalinfants\",\"https:\\\/\\\/www.youtube.com\\\/user\\\/CasaldelsInfants1\",\"https:\\\/\\\/www.instagram.com\\\/casalinfants\\\/\",\"https:\\\/\\\/www.linkedin.com\\\/company\\\/casaldelsinfants?trk=organization-update_share-update_actor-text\"]}]}<\/script>\n<!-- \/ Yoast SEO plugin. -->","yoast_head_json":{"title":"Pol\u00edtica de Privacidad | Casal dels Infants","description":"El objetivo es informaros de qu\u00e9 informaci\u00f3n recopilamos, por qu\u00e9 la recopilamos y como pod\u00e9is actualizar, gestionar, exportar y suprimir vuestros datos.","robots":{"index":"index","follow":"follow","max-snippet":"max-snippet:-1","max-image-preview":"max-image-preview:large","max-video-preview":"max-video-preview:-1"},"canonical":"https:\/\/www.casaldelsinfants.org\/es\/politica-de-privacitat\/","og_locale":"es_ES","og_type":"article","og_title":"Pol\u00edtica de Privacidad | Casal dels Infants","og_description":"En nuestra web encontrar\u00e1s la Pol\u00edtica de Privacidad de Casal dels Infants.","og_url":"https:\/\/www.casaldelsinfants.org\/es\/politica-de-privacitat\/","og_site_name":"Casal dels Infants","article_publisher":"https:\/\/www.facebook.com\/casalinfants","article_modified_time":"2025-10-23T14:32:17+00:00","twitter_card":"summary_large_image","twitter_title":"Pol\u00edtica de Privacidad | Casal dels Infants","twitter_description":"En nuestra web encontrar\u00e1s la Pol\u00edtica de Privacidad de Casal dels Infants.","twitter_site":"@casalinfants","twitter_misc":{"Tiempo de lectura":"4 minutos"},"schema":{"@context":"https:\/\/schema.org","@graph":[{"@type":"WebPage","@id":"https:\/\/www.casaldelsinfants.org\/es\/politica-de-privacitat\/","url":"https:\/\/www.casaldelsinfants.org\/es\/politica-de-privacitat\/","name":"Pol\u00edtica de Privacidad | Casal dels Infants","isPartOf":{"@id":"https:\/\/www.casaldelsinfants.org\/es\/#website"},"datePublished":"2024-06-25T07:03:19+00:00","dateModified":"2025-10-23T14:32:17+00:00","description":"El objetivo es informaros de qu\u00e9 informaci\u00f3n recopilamos, por qu\u00e9 la recopilamos y como pod\u00e9is actualizar, gestionar, exportar y suprimir vuestros datos.","breadcrumb":{"@id":"https:\/\/www.casaldelsinfants.org\/es\/politica-de-privacitat\/#breadcrumb"},"inLanguage":"es","potentialAction":[{"@type":"ReadAction","target":["https:\/\/www.casaldelsinfants.org\/es\/politica-de-privacitat\/"]}]},{"@type":"BreadcrumbList","@id":"https:\/\/www.casaldelsinfants.org\/es\/politica-de-privacitat\/#breadcrumb","itemListElement":[{"@type":"ListItem","position":1,"name":"Inici","item":"https:\/\/www.casaldelsinfants.org\/es\/"},{"@type":"ListItem","position":2,"name":"Pol\u00edtica de privacidad"}]},{"@type":"WebSite","@id":"https:\/\/www.casaldelsinfants.org\/es\/#website","url":"https:\/\/www.casaldelsinfants.org\/es\/","name":"Casal dels Infants","description":"","publisher":{"@id":"https:\/\/www.casaldelsinfants.org\/es\/#organization"},"potentialAction":[{"@type":"SearchAction","target":{"@type":"EntryPoint","urlTemplate":"https:\/\/www.casaldelsinfants.org\/es\/?s={search_term_string}"},"query-input":{"@type":"PropertyValueSpecification","valueRequired":true,"valueName":"search_term_string"}}],"inLanguage":"es"},{"@type":"Organization","@id":"https:\/\/www.casaldelsinfants.org\/es\/#organization","name":"Casal dels Infants","url":"https:\/\/www.casaldelsinfants.org\/es\/","logo":{"@type":"ImageObject","inLanguage":"es","@id":"https:\/\/www.casaldelsinfants.org\/es\/#\/schema\/logo\/image\/","url":"https:\/\/www.casaldelsinfants.org\/wp-content\/uploads\/logo-mail.png","contentUrl":"https:\/\/www.casaldelsinfants.org\/wp-content\/uploads\/logo-mail.png","width":380,"height":158,"caption":"Casal dels Infants"},"image":{"@id":"https:\/\/www.casaldelsinfants.org\/es\/#\/schema\/logo\/image\/"},"sameAs":["https:\/\/www.facebook.com\/casalinfants","https:\/\/x.com\/casalinfants","https:\/\/www.youtube.com\/user\/CasaldelsInfants1","https:\/\/www.instagram.com\/casalinfants\/","https:\/\/www.linkedin.com\/company\/casaldelsinfants?trk=organization-update_share-update_actor-text"]}]}},"publishpress_future_action":{"enabled":false,"date":"2026-05-09 20:23:47","action":"change-status","newStatus":"draft","terms":[],"taxonomy":"translation_priority","extraData":[]},"publishpress_future_workflow_manual_trigger":{"enabledWorkflows":[]},"_links":{"self":[{"href":"https:\/\/www.casaldelsinfants.org\/es\/wp-json\/wp\/v2\/pages\/22214","targetHints":{"allow":["GET"]}}],"collection":[{"href":"https:\/\/www.casaldelsinfants.org\/es\/wp-json\/wp\/v2\/pages"}],"about":[{"href":"https:\/\/www.casaldelsinfants.org\/es\/wp-json\/wp\/v2\/types\/page"}],"author":[{"embeddable":true,"href":"https:\/\/www.casaldelsinfants.org\/es\/wp-json\/wp\/v2\/users\/1"}],"replies":[{"embeddable":true,"href":"https:\/\/www.casaldelsinfants.org\/es\/wp-json\/wp\/v2\/comments?post=22214"}],"version-history":[{"count":14,"href":"https:\/\/www.casaldelsinfants.org\/es\/wp-json\/wp\/v2\/pages\/22214\/revisions"}],"predecessor-version":[{"id":22232,"href":"https:\/\/www.casaldelsinfants.org\/es\/wp-json\/wp\/v2\/pages\/22214\/revisions\/22232"}],"wp:attachment":[{"href":"https:\/\/www.casaldelsinfants.org\/es\/wp-json\/wp\/v2\/media?parent=22214"}],"wp:term":[{"taxonomy":"seus","embeddable":true,"href":"https:\/\/www.casaldelsinfants.org\/es\/wp-json\/wp\/v2\/seus?post=22214"},{"taxonomy":"eixos","embeddable":true,"href":"https:\/\/www.casaldelsinfants.org\/es\/wp-json\/wp\/v2\/eixos?post=22214"}],"curies":[{"name":"wp","href":"https:\/\/api.w.org\/{rel}","templated":true}]}}