{"id":5710,"date":"2022-08-03T12:18:31","date_gmt":"2022-08-03T10:18:31","guid":{"rendered":"https:\/\/casal.puntzero.cat\/que-hacemos\/"},"modified":"2025-10-23T16:34:25","modified_gmt":"2025-10-23T14:34:25","slug":"que-hacemos","status":"publish","type":"page","link":"https:\/\/www.casaldelsinfants.org\/es\/que-hacemos\/","title":{"rendered":"Qu\u00e9 hacemos"},"content":{"rendered":"<p>[et_pb_section fb_built=\u00bb1&#8243; custom_padding_last_edited=\u00bbon|tablet\u00bb admin_label=\u00bbT\u00edtol  i text\u00bb _builder_version=\u00bb4.17.6&#8243; _module_preset=\u00bbdefault\u00bb background_color=\u00bb#FEEECC\u00bb custom_margin_tablet=\u00bb0px||||false|false\u00bb custom_margin_phone=\u00bb0px||||false|false\u00bb custom_margin_last_edited=\u00bbon|tablet\u00bb custom_padding=\u00bb0px||120px||false|false\u00bb custom_padding_tablet=\u00bb||80px||false|false\u00bb custom_padding_phone=\u00bb||80px||false|false\u00bb collapsed=\u00bboff\u00bb global_colors_info=\u00bb{}\u00bb da_is_popup=\u00bboff\u00bb da_exit_intent=\u00bboff\u00bb da_has_close=\u00bbon\u00bb da_alt_close=\u00bboff\u00bb da_dark_close=\u00bboff\u00bb da_not_modal=\u00bbon\u00bb da_is_singular=\u00bboff\u00bb da_with_loader=\u00bboff\u00bb da_has_shadow=\u00bbon\u00bb da_disable_devices=\u00bboff|off|off\u00bb][et_pb_row admin_label=\u00bbT\u00edtol + Subt\u00edtol\u00bb _builder_version=\u00bb4.17.6&#8243; _module_preset=\u00bbdefault\u00bb background_image=\u00bbhttps:\/\/casaldelsinfants.org\/wp-content\/uploads\/que-fem-1.webp\u00bb width=\u00bb100%\u00bb width_tablet=\u00bb100%\u00bb width_phone=\u00bb100%\u00bb width_last_edited=\u00bbon|tablet\u00bb max_width=\u00bb1440px\u00bb max_width_tablet=\u00bb2500px\u00bb max_width_phone=\u00bb2500px\u00bb max_width_last_edited=\u00bbon|tablet\u00bb height=\u00bb470px\u00bb height_tablet=\u00bb470px\u00bb height_phone=\u00bb470px\u00bb height_last_edited=\u00bbon|phone\u00bb custom_margin=\u00bb120px||||false|false\u00bb custom_margin_tablet=\u00bb-40px||||false|false\u00bb custom_margin_phone=\u00bb-40px||||false|false\u00bb custom_margin_last_edited=\u00bbon|tablet\u00bb custom_padding=\u00bb0px||||false|false\u00bb background_last_edited=\u00bbon|tablet\u00bb background_size_tablet=\u00bbcontain\u00bb background_size_phone=\u00bbcontain\u00bb locked=\u00bboff\u00bb collapsed=\u00bboff\u00bb global_colors_info=\u00bb{}\u00bb][et_pb_column type=\u00bb4_4&#8243; _builder_version=\u00bb4.17.6&#8243; _module_preset=\u00bbdefault\u00bb global_colors_info=\u00bb{}\u00bb][et_pb_text disabled_on=\u00bbon|off|off\u00bb admin_label=\u00bbT\u00edtol + Subt\u00edtol\u00bb _builder_version=\u00bb4.20.2&#8243; _module_preset=\u00bbdefault\u00bb text_text_color=\u00bb#FFFFFF\u00bb text_font_size=\u00bb32px\u00bb text_line_height=\u00bb1.2em\u00bb header_font=\u00bbMyriadPro Regular||||||||\u00bb header_text_color=\u00bb#FFFFFF\u00bb header_font_size=\u00bb32px\u00bb header_2_font=\u00bbMyriadPro Regular||||||||\u00bb header_2_text_color=\u00bb#FFFFFF\u00bb header_2_font_size=\u00bb32px\u00bb custom_margin=\u00bb150px||||false|false\u00bb text_font_size_tablet=\u00bb20px\u00bb text_font_size_phone=\u00bb20px\u00bb text_font_size_last_edited=\u00bbon|tablet\u00bb global_colors_info=\u00bb{}\u00bb]<\/p>\n<h1 class=\"text-sombra\" style=\"text-align: center;\">QU\u00c9 HACEMOS<\/h1>\n<h2 class=\"text-sombra\" style=\"text-align: center;\">Acompa\u00f1amos, cada d\u00eda, ni\u00f1os y j\u00f3venes para que conf\u00eden en sus<br \/>capacidades y salgan adelante,\u00a0aprovechando las oportunidades.<\/h2>\n<p>[\/et_pb_text][et_pb_text disabled_on=\u00bboff|on|on\u00bb admin_label=\u00bbT\u00edtol + Subt\u00edtol\u00bb _builder_version=\u00bb4.20.2&#8243; _module_preset=\u00bbdefault\u00bb text_text_color=\u00bb#FFFFFF\u00bb text_font_size=\u00bb32px\u00bb text_line_height=\u00bb1.2em\u00bb custom_margin=\u00bb150px||||false|false\u00bb custom_margin_tablet=\u00bb200px||||false|false\u00bb custom_margin_phone=\u00bb200px||||false|false\u00bb custom_margin_last_edited=\u00bbon|tablet\u00bb text_font_size_tablet=\u00bb20px\u00bb text_font_size_phone=\u00bb20px\u00bb text_font_size_last_edited=\u00bbon|tablet\u00bb global_colors_info=\u00bb{}\u00bb]<\/p>\n<p class=\"text-sombra\" style=\"text-align: center;\">QU\u00c9 HACEMOS<\/p>\n<p>[\/et_pb_text][\/et_pb_column][\/et_pb_row][et_pb_row use_custom_gutter=\u00bbon\u00bb gutter_width=\u00bb1&#8243; admin_label=\u00bbText-Fem costat als infants&#8230; + T\u00edtol \u00bb module_id=\u00bbrow-width\u00bb _builder_version=\u00bb4.17.6&#8243; _module_preset=\u00bbdefault\u00bb custom_margin=\u00bb60px|auto||auto|false|false\u00bb custom_margin_tablet=\u00bb0px||||false|false\u00bb custom_margin_phone=\u00bb-50px||||false|false\u00bb custom_margin_last_edited=\u00bbon|phone\u00bb custom_padding=\u00bb0px|0px|0px|0px|true|false\u00bb custom_css_main_element=\u00bbdisplay:flex;||align-items:center;\u00bb global_colors_info=\u00bb{}\u00bb][et_pb_column type=\u00bb4_4&#8243; _builder_version=\u00bb4.17.4&#8243; _module_preset=\u00bbdefault\u00bb global_colors_info=\u00bb{}\u00bb][et_pb_text admin_label=\u00bbFem costat als infants&#8230;\u00bb _builder_version=\u00bb4.17.6&#8243; _module_preset=\u00bbdefault\u00bb text_text_color=\u00bb#006450&#8243; text_font_size=\u00bb18px\u00bb width_tablet=\u00bb100%\u00bb width_phone=\u00bb100%\u00bb width_last_edited=\u00bbon|tablet\u00bb max_width=\u00bb100%\u00bb max_width_tablet=\u00bb100%\u00bb max_width_phone=\u00bb100%\u00bb max_width_last_edited=\u00bbon|tablet\u00bb module_alignment=\u00bbcenter\u00bb custom_margin_tablet=\u00bb\u00bb custom_margin_phone=\u00bb-50px||||false|false\u00bb custom_margin_last_edited=\u00bbon|phone\u00bb global_colors_info=\u00bb{}\u00bb]<\/p>\n<p>Acompa\u00f1amos a ni\u00f1as, ni\u00f1os, j\u00f3venes, y a sus familias, en su proceso educativo, en la construcci\u00f3n conjunta de espacios de confianza en los que encuentran el apoyo continuado que necesitan para poder aprovechar al m\u00e1ximo sus oportunidades educativas y de crecimiento personal.<\/p>\n<p>Enfocamos nuestros esfuerzos educativos hacia el desarrollo de sus propias capacidades con servicios de calidad, orientados hacia un enfoque preventivo y promocionador de las personas. De la mano de un equipo de educadores y educadoras sociales, especialistas en el trabajo con personas en riesgo de exclusi\u00f3n social, apoyados siempre por personas voluntarias que dedican su esfuerzo y generosidad a quienes m\u00e1s lo necesitan.<\/p>\n<p>[\/et_pb_text][et_pb_text admin_label=\u00bbT\u00edtol\u00bb _builder_version=\u00bb4.20.2&#8243; _module_preset=\u00bbdefault\u00bb header_2_font=\u00bbMyriadPro Regular||||||||\u00bb header_3_font=\u00bbMyriadPro Regular||||||||\u00bb header_3_font_size=\u00bb26px\u00bb custom_margin=\u00bb70px||||false|false\u00bb global_colors_info=\u00bb{}\u00bb]<\/p>\n<h3 class=\"verd text-center\" style=\"text-align: center;\">DESCUBRE LO QUE HACEMOS<\/h3>\n<p>[\/et_pb_text][\/et_pb_column][\/et_pb_row][\/et_pb_section][et_pb_section fb_built=\u00bb1&#8243; custom_padding_last_edited=\u00bbon|tablet\u00bb admin_label=\u00bbBoles\u00bb _builder_version=\u00bb4.17.6&#8243; _module_preset=\u00bbdefault\u00bb custom_margin_tablet=\u00bb\u00bb custom_margin_phone=\u00bb30px||||false|false\u00bb custom_margin_last_edited=\u00bbon|phone\u00bb custom_padding=\u00bb||||false|false\u00bb custom_padding_tablet=\u00bb50px||||false|false\u00bb custom_padding_phone=\u00bb||||false|false\u00bb collapsed=\u00bboff\u00bb global_colors_info=\u00bb{}\u00bb da_is_popup=\u00bboff\u00bb da_exit_intent=\u00bboff\u00bb da_has_close=\u00bbon\u00bb da_alt_close=\u00bboff\u00bb da_dark_close=\u00bboff\u00bb da_not_modal=\u00bbon\u00bb da_is_singular=\u00bboff\u00bb da_with_loader=\u00bboff\u00bb da_has_shadow=\u00bbon\u00bb da_disable_devices=\u00bboff|off|off\u00bb][et_pb_row column_structure=\u00bb1_5,1_5,1_5,1_5,1_5&#8243; use_custom_gutter=\u00bbon\u00bb gutter_width=\u00bb2&#8243; admin_label=\u00bbBoles\u00bb _builder_version=\u00bb4.17.4&#8243; _module_preset=\u00bbdefault\u00bb custom_margin=\u00bb-170px||||false|false\u00bb global_colors_info=\u00bb{}\u00bb][et_pb_column type=\u00bb1_5&#8243; _builder_version=\u00bb4.17.4&#8243; _module_preset=\u00bbdefault\u00bb global_colors_info=\u00bb{}\u00bb][et_pb_team_member name=\u00bbPeque\u00f1a infancia y familias\u00bb image_url=\u00bbhttps:\/\/casaldelsinfants.org\/wp-content\/uploads\/quefem-petitainfancia-familia-cercle-1.webp\u00bb module_class=\u00bbhover-plus\u00bb _builder_version=\u00bb4.20.2&#8243; _module_preset=\u00bbdefault\u00bb header_font=\u00bbMyriadPro Bold||||||||\u00bb header_text_align=\u00bbcenter\u00bb header_text_color=\u00bb#005141&#8243; module_alignment=\u00bbcenter\u00bb link_option_url=\u00bb\/es\/que-hacemos\/ayudar-a-pequena-infancia-y-familias\/\u00bb custom_css_title=\u00bbmargin-top: -15px !important;\u00bb global_colors_info=\u00bb{}\u00bb custom_css_before__hover_enabled=\u00bbon|hover\u00bb custom_css_before__hover=\u00bbcontent: url(\/wp-content\/uploads\/munt-creu.png);||position: absolute;||margin-top: 45%;||margin-left: 45%;||z-index:2;\u00bb][\/et_pb_team_member][\/et_pb_column][et_pb_column type=\u00bb1_5&#8243; _builder_version=\u00bb4.17.4&#8243; _module_preset=\u00bbdefault\u00bb global_colors_info=\u00bb{}\u00bb][et_pb_team_member name=\u00bbInfancia y adolescencia\u00bb image_url=\u00bbhttps:\/\/casaldelsinfants.org\/wp-content\/uploads\/quefem-infancia-adolescencia-cercle-1.webp\u00bb module_class=\u00bbhover-plus\u00bb _builder_version=\u00bb4.20.2&#8243; _module_preset=\u00bbdefault\u00bb header_font=\u00bbMyriadPro Bold||||||||\u00bb header_text_align=\u00bbcenter\u00bb header_text_color=\u00bb#005141&#8243; module_alignment=\u00bbcenter\u00bb link_option_url=\u00bb\/es\/que-hacemos\/ayudar-a-la-infancia-y-adolescencia\/\u00bb custom_css_title=\u00bbmargin-top: -15px !important;\u00bb global_colors_info=\u00bb{}\u00bb custom_css_before__hover_enabled=\u00bbon|hover\u00bb custom_css_before__hover=\u00bbcontent: url(\/wp-content\/uploads\/munt-creu.png);||position: absolute;||margin-top: 45%;||margin-left: 45%;||z-index:2;\u00bb][\/et_pb_team_member][\/et_pb_column][et_pb_column type=\u00bb1_5&#8243; _builder_version=\u00bb4.17.4&#8243; _module_preset=\u00bbdefault\u00bb global_colors_info=\u00bb{}\u00bb][et_pb_team_member name=\u00bbJ\u00f3venes\u00bb image_url=\u00bbhttps:\/\/casaldelsinfants.org\/wp-content\/uploads\/quefem-joves-cercle-1.webp\u00bb module_class=\u00bbhover-plus\u00bb _builder_version=\u00bb4.20.2&#8243; _module_preset=\u00bbdefault\u00bb header_font=\u00bbMyriadPro Bold||||||||\u00bb header_text_align=\u00bbcenter\u00bb header_text_color=\u00bb#005141&#8243; module_alignment=\u00bbcenter\u00bb link_option_url=\u00bb\/es\/que-hacemos\/ayudar-a-los-jovenes\/\u00bb custom_css_title=\u00bbmargin-top: -15px !important;\u00bb global_colors_info=\u00bb{}\u00bb custom_css_before__hover=\u00bbcontent: url(\/wp-content\/uploads\/munt-creu.png);||position: absolute;||margin-top: 45%;||margin-left: 45%;||z-index:2;\u00bb custom_css_before__hover_enabled=\u00bbon|hover\u00bb][\/et_pb_team_member][\/et_pb_column][et_pb_column type=\u00bb1_5&#8243; _builder_version=\u00bb4.17.4&#8243; _module_preset=\u00bbdefault\u00bb global_colors_info=\u00bb{}\u00bb][et_pb_team_member name=\u00bbTrabajo con la comunidad\u00bb image_url=\u00bbhttps:\/\/casaldelsinfants.org\/wp-content\/uploads\/quefem-comunitat-cercle-1.webp\u00bb module_class=\u00bbhover-plus\u00bb _builder_version=\u00bb4.20.2&#8243; _module_preset=\u00bbdefault\u00bb header_font=\u00bbMyriadPro Bold||||||||\u00bb header_text_align=\u00bbcenter\u00bb header_text_color=\u00bb#005141&#8243; module_alignment=\u00bbcenter\u00bb link_option_url=\u00bb\/es\/que-hacemos\/ayudar-a-la-comunidad\/\u00bb custom_css_title=\u00bbmargin-top: -15px !important;\u00bb global_colors_info=\u00bb{}\u00bb custom_css_before__hover=\u00bbcontent: url(\/wp-content\/uploads\/munt-creu.png);||position: absolute;||margin-top: 45%;||margin-left: 45%;||z-index:2;\u00bb custom_css_before__hover_enabled=\u00bbon|hover\u00bb][\/et_pb_team_member][\/et_pb_column][et_pb_column type=\u00bb1_5&#8243; _builder_version=\u00bb4.17.4&#8243; _module_preset=\u00bbdefault\u00bb global_colors_info=\u00bb{}\u00bb][et_pb_team_member name=\u00bbEn Marruecos\u00bb image_url=\u00bbhttps:\/\/casaldelsinfants.org\/wp-content\/uploads\/al-Marroc-2.webp\u00bb module_class=\u00bbhover-plus\u00bb _builder_version=\u00bb4.20.2&#8243; _module_preset=\u00bbdefault\u00bb header_font=\u00bbMyriadPro Bold||||||||\u00bb header_text_align=\u00bbcenter\u00bb header_text_color=\u00bb#005141&#8243; module_alignment=\u00bbcenter\u00bb link_option_url=\u00bb\/es\/que-hacemos\/ayudar-a-marruecos\/\u00bb custom_css_title=\u00bbmargin-top: -15px !important;\u00bb global_colors_info=\u00bb{}\u00bb custom_css_before__hover=\u00bbcontent: url(\/wp-content\/uploads\/munt-creu.png);||position: absolute;||margin-top: 45%;||margin-left: 45%;||z-index:2;\u00bb custom_css_before__hover_enabled=\u00bbon|hover\u00bb][\/et_pb_team_member][\/et_pb_column][\/et_pb_row][\/et_pb_section]<\/p>\n","protected":false},"excerpt":{"rendered":"<p>QU\u00c9 HACEMOS Acompa\u00f1amos, cada d\u00eda, ni\u00f1os y j\u00f3venes para que conf\u00eden en suscapacidades y salgan adelante,\u00a0aprovechando las oportunidades.QU\u00c9 HACEMOSAcompa\u00f1amos a ni\u00f1as, ni\u00f1os, j\u00f3venes, y a sus familias, en su proceso educativo, en la construcci\u00f3n conjunta de espacios de confianza en los que encuentran el apoyo continuado que necesitan para poder aprovechar al m\u00e1ximo sus oportunidades [&hellip;]<\/p>\n","protected":false},"author":3,"featured_media":0,"parent":0,"menu_order":0,"comment_status":"closed","ping_status":"closed","template":"","meta":{"_acf_changed":false,"_et_pb_use_builder":"on","_et_pb_old_content":"","_et_gb_content_width":"","inline_featured_image":false,"footnotes":""},"seus":[],"eixos":[],"class_list":["post-5710","page","type-page","status-publish","hentry"],"acf":[],"yoast_head":"<!-- This site is optimized with the Yoast SEO plugin v27.5 - https:\/\/yoast.com\/product\/yoast-seo-wordpress\/ -->\n<title>Qu\u00e9 hacemos | Inclusi\u00f3n de ni\u00f1os y j\u00f3venes | Casal dels Infants<\/title>\n<meta name=\"description\" content=\"Acompa\u00f1amos y ayudamos a personas en riesgo de exclusi\u00f3n social para maximizar sus oportunidades. \u00a1S\u00famate a nuestra causa!\" \/>\n<meta name=\"robots\" content=\"index, follow, max-snippet:-1, max-image-preview:large, max-video-preview:-1\" \/>\n<link rel=\"canonical\" href=\"https:\/\/www.casaldelsinfants.org\/es\/que-hacemos\/\" \/>\n<meta property=\"og:locale\" content=\"es_ES\" \/>\n<meta property=\"og:type\" content=\"article\" \/>\n<meta property=\"og:title\" content=\"Qu\u00e9 hacemos | Inclusi\u00f3n de ni\u00f1os y j\u00f3venes | Casal dels Infants\" \/>\n<meta property=\"og:description\" content=\"Acompa\u00f1amos y ayudamos a personas en riesgo de exclusi\u00f3n social para maximizar sus oportunidades. \u00a1S\u00famate a nuestra causa!\" \/>\n<meta property=\"og:url\" content=\"https:\/\/www.casaldelsinfants.org\/es\/que-hacemos\/\" \/>\n<meta property=\"og:site_name\" content=\"Casal dels Infants\" \/>\n<meta property=\"article:publisher\" content=\"https:\/\/www.facebook.com\/casalinfants\" \/>\n<meta property=\"article:modified_time\" content=\"2025-10-23T14:34:25+00:00\" \/>\n<meta name=\"twitter:card\" content=\"summary_large_image\" \/>\n<meta name=\"twitter:site\" content=\"@casalinfants\" \/>\n<meta name=\"twitter:label1\" content=\"Tiempo de lectura\" \/>\n\t<meta name=\"twitter:data1\" content=\"2 minutos\" \/>\n<script type=\"application\/ld+json\" class=\"yoast-schema-graph\">{\"@context\":\"https:\\\/\\\/schema.org\",\"@graph\":[{\"@type\":\"WebPage\",\"@id\":\"https:\\\/\\\/www.casaldelsinfants.org\\\/es\\\/que-hacemos\\\/\",\"url\":\"https:\\\/\\\/www.casaldelsinfants.org\\\/es\\\/que-hacemos\\\/\",\"name\":\"Qu\u00e9 hacemos | Inclusi\u00f3n de ni\u00f1os y j\u00f3venes | Casal dels Infants\",\"isPartOf\":{\"@id\":\"https:\\\/\\\/www.casaldelsinfants.org\\\/es\\\/#website\"},\"datePublished\":\"2022-08-03T10:18:31+00:00\",\"dateModified\":\"2025-10-23T14:34:25+00:00\",\"description\":\"Acompa\u00f1amos y ayudamos a personas en riesgo de exclusi\u00f3n social para maximizar sus oportunidades. \u00a1S\u00famate a nuestra causa!\",\"breadcrumb\":{\"@id\":\"https:\\\/\\\/www.casaldelsinfants.org\\\/es\\\/que-hacemos\\\/#breadcrumb\"},\"inLanguage\":\"es\",\"potentialAction\":[{\"@type\":\"ReadAction\",\"target\":[\"https:\\\/\\\/www.casaldelsinfants.org\\\/es\\\/que-hacemos\\\/\"]}]},{\"@type\":\"BreadcrumbList\",\"@id\":\"https:\\\/\\\/www.casaldelsinfants.org\\\/es\\\/que-hacemos\\\/#breadcrumb\",\"itemListElement\":[{\"@type\":\"ListItem\",\"position\":1,\"name\":\"Inici\",\"item\":\"https:\\\/\\\/www.casaldelsinfants.org\\\/es\\\/\"},{\"@type\":\"ListItem\",\"position\":2,\"name\":\"Qu\u00e9 hacemos\"}]},{\"@type\":\"WebSite\",\"@id\":\"https:\\\/\\\/www.casaldelsinfants.org\\\/es\\\/#website\",\"url\":\"https:\\\/\\\/www.casaldelsinfants.org\\\/es\\\/\",\"name\":\"Casal dels Infants\",\"description\":\"\",\"publisher\":{\"@id\":\"https:\\\/\\\/www.casaldelsinfants.org\\\/es\\\/#organization\"},\"potentialAction\":[{\"@type\":\"SearchAction\",\"target\":{\"@type\":\"EntryPoint\",\"urlTemplate\":\"https:\\\/\\\/www.casaldelsinfants.org\\\/es\\\/?s={search_term_string}\"},\"query-input\":{\"@type\":\"PropertyValueSpecification\",\"valueRequired\":true,\"valueName\":\"search_term_string\"}}],\"inLanguage\":\"es\"},{\"@type\":\"Organization\",\"@id\":\"https:\\\/\\\/www.casaldelsinfants.org\\\/es\\\/#organization\",\"name\":\"Casal dels Infants\",\"url\":\"https:\\\/\\\/www.casaldelsinfants.org\\\/es\\\/\",\"logo\":{\"@type\":\"ImageObject\",\"inLanguage\":\"es\",\"@id\":\"https:\\\/\\\/www.casaldelsinfants.org\\\/es\\\/#\\\/schema\\\/logo\\\/image\\\/\",\"url\":\"https:\\\/\\\/www.casaldelsinfants.org\\\/wp-content\\\/uploads\\\/logo-mail.png\",\"contentUrl\":\"https:\\\/\\\/www.casaldelsinfants.org\\\/wp-content\\\/uploads\\\/logo-mail.png\",\"width\":380,\"height\":158,\"caption\":\"Casal dels Infants\"},\"image\":{\"@id\":\"https:\\\/\\\/www.casaldelsinfants.org\\\/es\\\/#\\\/schema\\\/logo\\\/image\\\/\"},\"sameAs\":[\"https:\\\/\\\/www.facebook.com\\\/casalinfants\",\"https:\\\/\\\/x.com\\\/casalinfants\",\"https:\\\/\\\/www.youtube.com\\\/user\\\/CasaldelsInfants1\",\"https:\\\/\\\/www.instagram.com\\\/casalinfants\\\/\",\"https:\\\/\\\/www.linkedin.com\\\/company\\\/casaldelsinfants?trk=organization-update_share-update_actor-text\"]}]}<\/script>\n<!-- \/ Yoast SEO plugin. -->","yoast_head_json":{"title":"Qu\u00e9 hacemos | Inclusi\u00f3n de ni\u00f1os y j\u00f3venes | Casal dels Infants","description":"Acompa\u00f1amos y ayudamos a personas en riesgo de exclusi\u00f3n social para maximizar sus oportunidades. \u00a1S\u00famate a nuestra causa!","robots":{"index":"index","follow":"follow","max-snippet":"max-snippet:-1","max-image-preview":"max-image-preview:large","max-video-preview":"max-video-preview:-1"},"canonical":"https:\/\/www.casaldelsinfants.org\/es\/que-hacemos\/","og_locale":"es_ES","og_type":"article","og_title":"Qu\u00e9 hacemos | Inclusi\u00f3n de ni\u00f1os y j\u00f3venes | Casal dels Infants","og_description":"Acompa\u00f1amos y ayudamos a personas en riesgo de exclusi\u00f3n social para maximizar sus oportunidades. \u00a1S\u00famate a nuestra causa!","og_url":"https:\/\/www.casaldelsinfants.org\/es\/que-hacemos\/","og_site_name":"Casal dels Infants","article_publisher":"https:\/\/www.facebook.com\/casalinfants","article_modified_time":"2025-10-23T14:34:25+00:00","twitter_card":"summary_large_image","twitter_site":"@casalinfants","twitter_misc":{"Tiempo de lectura":"2 minutos"},"schema":{"@context":"https:\/\/schema.org","@graph":[{"@type":"WebPage","@id":"https:\/\/www.casaldelsinfants.org\/es\/que-hacemos\/","url":"https:\/\/www.casaldelsinfants.org\/es\/que-hacemos\/","name":"Qu\u00e9 hacemos | Inclusi\u00f3n de ni\u00f1os y j\u00f3venes | Casal dels Infants","isPartOf":{"@id":"https:\/\/www.casaldelsinfants.org\/es\/#website"},"datePublished":"2022-08-03T10:18:31+00:00","dateModified":"2025-10-23T14:34:25+00:00","description":"Acompa\u00f1amos y ayudamos a personas en riesgo de exclusi\u00f3n social para maximizar sus oportunidades. \u00a1S\u00famate a nuestra causa!","breadcrumb":{"@id":"https:\/\/www.casaldelsinfants.org\/es\/que-hacemos\/#breadcrumb"},"inLanguage":"es","potentialAction":[{"@type":"ReadAction","target":["https:\/\/www.casaldelsinfants.org\/es\/que-hacemos\/"]}]},{"@type":"BreadcrumbList","@id":"https:\/\/www.casaldelsinfants.org\/es\/que-hacemos\/#breadcrumb","itemListElement":[{"@type":"ListItem","position":1,"name":"Inici","item":"https:\/\/www.casaldelsinfants.org\/es\/"},{"@type":"ListItem","position":2,"name":"Qu\u00e9 hacemos"}]},{"@type":"WebSite","@id":"https:\/\/www.casaldelsinfants.org\/es\/#website","url":"https:\/\/www.casaldelsinfants.org\/es\/","name":"Casal dels Infants","description":"","publisher":{"@id":"https:\/\/www.casaldelsinfants.org\/es\/#organization"},"potentialAction":[{"@type":"SearchAction","target":{"@type":"EntryPoint","urlTemplate":"https:\/\/www.casaldelsinfants.org\/es\/?s={search_term_string}"},"query-input":{"@type":"PropertyValueSpecification","valueRequired":true,"valueName":"search_term_string"}}],"inLanguage":"es"},{"@type":"Organization","@id":"https:\/\/www.casaldelsinfants.org\/es\/#organization","name":"Casal dels Infants","url":"https:\/\/www.casaldelsinfants.org\/es\/","logo":{"@type":"ImageObject","inLanguage":"es","@id":"https:\/\/www.casaldelsinfants.org\/es\/#\/schema\/logo\/image\/","url":"https:\/\/www.casaldelsinfants.org\/wp-content\/uploads\/logo-mail.png","contentUrl":"https:\/\/www.casaldelsinfants.org\/wp-content\/uploads\/logo-mail.png","width":380,"height":158,"caption":"Casal dels Infants"},"image":{"@id":"https:\/\/www.casaldelsinfants.org\/es\/#\/schema\/logo\/image\/"},"sameAs":["https:\/\/www.facebook.com\/casalinfants","https:\/\/x.com\/casalinfants","https:\/\/www.youtube.com\/user\/CasaldelsInfants1","https:\/\/www.instagram.com\/casalinfants\/","https:\/\/www.linkedin.com\/company\/casaldelsinfants?trk=organization-update_share-update_actor-text"]}]}},"publishpress_future_action":{"enabled":false,"date":"2026-05-11 12:59:43","action":"change-status","newStatus":"draft","terms":[],"taxonomy":"translation_priority","extraData":[]},"publishpress_future_workflow_manual_trigger":{"enabledWorkflows":[]},"_links":{"self":[{"href":"https:\/\/www.casaldelsinfants.org\/es\/wp-json\/wp\/v2\/pages\/5710","targetHints":{"allow":["GET"]}}],"collection":[{"href":"https:\/\/www.casaldelsinfants.org\/es\/wp-json\/wp\/v2\/pages"}],"about":[{"href":"https:\/\/www.casaldelsinfants.org\/es\/wp-json\/wp\/v2\/types\/page"}],"author":[{"embeddable":true,"href":"https:\/\/www.casaldelsinfants.org\/es\/wp-json\/wp\/v2\/users\/3"}],"replies":[{"embeddable":true,"href":"https:\/\/www.casaldelsinfants.org\/es\/wp-json\/wp\/v2\/comments?post=5710"}],"version-history":[{"count":14,"href":"https:\/\/www.casaldelsinfants.org\/es\/wp-json\/wp\/v2\/pages\/5710\/revisions"}],"predecessor-version":[{"id":13478,"href":"https:\/\/www.casaldelsinfants.org\/es\/wp-json\/wp\/v2\/pages\/5710\/revisions\/13478"}],"wp:attachment":[{"href":"https:\/\/www.casaldelsinfants.org\/es\/wp-json\/wp\/v2\/media?parent=5710"}],"wp:term":[{"taxonomy":"seus","embeddable":true,"href":"https:\/\/www.casaldelsinfants.org\/es\/wp-json\/wp\/v2\/seus?post=5710"},{"taxonomy":"eixos","embeddable":true,"href":"https:\/\/www.casaldelsinfants.org\/es\/wp-json\/wp\/v2\/eixos?post=5710"}],"curies":[{"name":"wp","href":"https:\/\/api.w.org\/{rel}","templated":true}]}}