{"id":5772,"date":"2022-08-04T09:30:30","date_gmt":"2022-08-04T07:30:30","guid":{"rendered":"https:\/\/casal.puntzero.cat\/donde-trabajamos\/"},"modified":"2025-10-23T16:37:57","modified_gmt":"2025-10-23T14:37:57","slug":"donde-trabajamos","status":"publish","type":"page","link":"https:\/\/www.casaldelsinfants.org\/es\/donde-trabajamos\/","title":{"rendered":"Donde trabajamos"},"content":{"rendered":"<p>[et_pb_section fb_built=\u00bb1&#8243; admin_label=\u00bbT\u00edtol  i text\u00bb _builder_version=\u00bb4.17.4&#8243; _module_preset=\u00bbdefault\u00bb background_color=\u00bb#FEEECC\u00bb custom_padding=\u00bb0px||49px||false|false\u00bb locked=\u00bboff\u00bb collapsed=\u00bboff\u00bb global_colors_info=\u00bb{}\u00bb da_is_popup=\u00bboff\u00bb da_exit_intent=\u00bboff\u00bb da_has_close=\u00bbon\u00bb da_alt_close=\u00bboff\u00bb da_dark_close=\u00bboff\u00bb da_not_modal=\u00bbon\u00bb da_is_singular=\u00bboff\u00bb da_with_loader=\u00bboff\u00bb da_has_shadow=\u00bbon\u00bb da_disable_devices=\u00bboff|off|off\u00bb][et_pb_row admin_label=\u00bbT\u00edtol + Subt\u00edtol\u00bb _builder_version=\u00bb4.17.6&#8243; _module_preset=\u00bbdefault\u00bb background_image=\u00bbhttps:\/\/casaldelsinfants.org\/wp-content\/uploads\/on-treballem.png\u00bb width=\u00bb100%\u00bb width_tablet=\u00bb100%\u00bb width_phone=\u00bb100%\u00bb width_last_edited=\u00bbon|desktop\u00bb max_width=\u00bb1440px\u00bb max_width_tablet=\u00bb2500px\u00bb max_width_phone=\u00bb2500px\u00bb max_width_last_edited=\u00bbon|tablet\u00bb height=\u00bb470px\u00bb height_tablet=\u00bb300px\u00bb height_phone=\u00bb300px\u00bb height_last_edited=\u00bbon|phone\u00bb custom_margin=\u00bb120px||||false|false\u00bb custom_margin_tablet=\u00bb60px||||false|false\u00bb custom_margin_phone=\u00bb40px||0px||false|false\u00bb custom_margin_last_edited=\u00bbon|phone\u00bb custom_padding=\u00bb0px||0px||true|false\u00bb background_last_edited=\u00bbon|phone\u00bb background_size_tablet=\u00bbcontain\u00bb locked=\u00bboff\u00bb collapsed=\u00bboff\u00bb global_colors_info=\u00bb{}\u00bb][et_pb_column type=\u00bb4_4&#8243; _builder_version=\u00bb4.17.4&#8243; _module_preset=\u00bbdefault\u00bb global_colors_info=\u00bb{}\u00bb][et_pb_text disabled_on=\u00bbon|off|off\u00bb admin_label=\u00bbT\u00edtol + Subt\u00edtol\u00bb _builder_version=\u00bb4.19.4&#8243; _module_preset=\u00bbdefault\u00bb text_text_color=\u00bb#FFFFFF\u00bb text_font_size=\u00bb32px\u00bb text_line_height=\u00bb1.2em\u00bb header_font=\u00bbMyriadPro Regular||||||||\u00bb header_text_color=\u00bb#FFFFFF\u00bb header_font_size=\u00bb32px\u00bb header_2_font=\u00bbMyriadPro Regular||||||||\u00bb header_2_text_color=\u00bb#FFFFFF\u00bb header_2_font_size=\u00bb32px\u00bb width=\u00bb60%\u00bb width_tablet=\u00bb60%\u00bb width_phone=\u00bb90%\u00bb width_last_edited=\u00bbon|phone\u00bb module_alignment=\u00bbcenter\u00bb custom_margin=\u00bb150px||||false|false\u00bb custom_margin_tablet=\u00bb90px||||false|false\u00bb custom_margin_phone=\u00bb90px||||false|false\u00bb custom_margin_last_edited=\u00bbon|phone\u00bb text_font_size_tablet=\u00bb20px\u00bb text_font_size_phone=\u00bb20px\u00bb text_font_size_last_edited=\u00bbon|tablet\u00bb global_colors_info=\u00bb{}\u00bb]<\/p>\n<h1 class=\"text-sombra\" style=\"text-align: center;\"><span>D\u00d3NDE TRABAJAMOS<\/span><\/h1>\n<h2 class=\"text-sombra\" style=\"text-align: center;\"><span>All\u00ed donde se concentra la desigualdad, es donde<\/span><br \/><span>tenemos que esforzarnos, para garantizar la<\/span><br \/><span>igualdad de oportunidades<\/span><\/h2>\n<p>[\/et_pb_text][et_pb_text disabled_on=\u00bboff|on|on\u00bb admin_label=\u00bbT\u00edtol + Subt\u00edtol\u00bb _builder_version=\u00bb4.17.6&#8243; _module_preset=\u00bbdefault\u00bb text_text_color=\u00bb#FFFFFF\u00bb text_font_size=\u00bb32px\u00bb text_line_height=\u00bb1.2em\u00bb width=\u00bb60%\u00bb width_tablet=\u00bb60%\u00bb width_phone=\u00bb90%\u00bb width_last_edited=\u00bbon|phone\u00bb module_alignment=\u00bbcenter\u00bb custom_margin=\u00bb150px||||false|false\u00bb custom_margin_tablet=\u00bb90px||||false|false\u00bb custom_margin_phone=\u00bb90px||||false|false\u00bb custom_margin_last_edited=\u00bbon|phone\u00bb custom_padding=\u00bb20px||||false|false\u00bb text_font_size_tablet=\u00bb20px\u00bb text_font_size_phone=\u00bb20px\u00bb text_font_size_last_edited=\u00bbon|tablet\u00bb global_colors_info=\u00bb{}\u00bb]<\/p>\n<p class=\"text-sombra\" style=\"text-align: center;\"><span>D\u00d3NDE TRABAJAMOS<\/span><\/p>\n<p>[\/et_pb_text][\/et_pb_column][\/et_pb_row][et_pb_row use_custom_gutter=\u00bbon\u00bb gutter_width=\u00bb1&#8243; custom_padding_last_edited=\u00bbon|phone\u00bb admin_label=\u00bbText-Fem costat als infants&#8230; + T\u00edtol \u00bb module_id=\u00bbrow-width\u00bb _builder_version=\u00bb4.17.6&#8243; _module_preset=\u00bbdefault\u00bb width_tablet=\u00bb\u00bb width_phone=\u00bb90%\u00bb width_last_edited=\u00bbon|phone\u00bb custom_margin=\u00bb49px|auto||auto|false|false\u00bb custom_margin_tablet=\u00bb49px|auto||auto|false|false\u00bb custom_margin_phone=\u00bb0px|auto||auto|false|false\u00bb custom_margin_last_edited=\u00bbon|phone\u00bb custom_padding=\u00bb|0px||0px|true|false\u00bb custom_padding_tablet=\u00bb|0px||0px|true|false\u00bb custom_padding_phone=\u00bb0px|0px|70px|0px|false|false\u00bb custom_css_main_element=\u00bbdisplay:flex;||align-items:center;\u00bb global_colors_info=\u00bb{}\u00bb][et_pb_column type=\u00bb4_4&#8243; _builder_version=\u00bb4.17.4&#8243; _module_preset=\u00bbdefault\u00bb global_colors_info=\u00bb{}\u00bb][et_pb_text admin_label=\u00bbFem costat als infants&#8230;\u00bb _builder_version=\u00bb4.17.6&#8243; _module_preset=\u00bbdefault\u00bb text_text_color=\u00bb#006450&#8243; text_font_size=\u00bb18px\u00bb width_tablet=\u00bb100%\u00bb width_phone=\u00bb100%\u00bb width_last_edited=\u00bbon|tablet\u00bb max_width=\u00bb100%\u00bb max_width_tablet=\u00bb100%\u00bb max_width_phone=\u00bb100%\u00bb max_width_last_edited=\u00bbon|tablet\u00bb module_alignment=\u00bbcenter\u00bb global_colors_info=\u00bb{}\u00bb]<\/p>\n<p>El riesgo social no se distribuye de forma aleatoria. Las diferentes situaciones de vulnerabilidad, que afectan a ni\u00f1os, ni\u00f1as y j\u00f3venes, se concentran en zonas y barrios de nuestro pa\u00eds con altos \u00edndices de pobreza, desempleo y otros elementos de riesgo social. Es aqu\u00ed donde socialmente tenemos que esforzarnos m\u00e1s.<\/p>\n<p>Desde y con los barrios que concentran situaciones de desigualdad, educamos para garantizar la igualdad de oportunidades de todos los ni\u00f1os y ni\u00f1as.<\/p>\n<p>Los barrios, si bien est\u00e1n formado por calles, plazas, casas, etc., sobre todo son redes de personas, familias, servicios, escuelas, espacios, equipamientos y organizaciones, que act\u00faan desde diferentes \u00e1mbitos, para poder garantizar y mejorar el bienestar de las personas. El Casal dels Infants somos parte de esta garant\u00eda de oportunidades y nos sumamos a la red de cada barrio para la transformaci\u00f3n social.<\/p>\n<p>[\/et_pb_text][et_pb_text admin_label=\u00bbT\u00edtol\u00bb _builder_version=\u00bb4.19.4&#8243; _module_preset=\u00bbdefault\u00bb header_2_font=\u00bbMyriadPro Regular||||||||\u00bb header_3_font=\u00bbMyriadPro Regular||||||||\u00bb header_3_font_size=\u00bb26px\u00bb custom_margin=\u00bb70px||||false|false\u00bb global_colors_info=\u00bb{}\u00bb]<\/p>\n<h3 class=\"verd text-center\">DESCUBRE D\u00d3NDE TRABAJAMOS<\/h3>\n<p>[\/et_pb_text][\/et_pb_column][\/et_pb_row][\/et_pb_section][et_pb_section fb_built=\u00bb1&#8243; admin_label=\u00bbBoles\u00bb _builder_version=\u00bb4.17.4&#8243; _module_preset=\u00bbdefault\u00bb locked=\u00bboff\u00bb collapsed=\u00bboff\u00bb global_colors_info=\u00bb{}\u00bb da_is_popup=\u00bboff\u00bb da_exit_intent=\u00bboff\u00bb da_has_close=\u00bbon\u00bb da_alt_close=\u00bboff\u00bb da_dark_close=\u00bboff\u00bb da_not_modal=\u00bbon\u00bb da_is_singular=\u00bboff\u00bb da_with_loader=\u00bboff\u00bb da_has_shadow=\u00bbon\u00bb da_disable_devices=\u00bboff|off|off\u00bb][et_pb_row column_structure=\u00bb1_3,1_3,1_3&#8243; admin_label=\u00bbBoles\u00bb _builder_version=\u00bb4.17.4&#8243; _module_preset=\u00bbdefault\u00bb custom_margin=\u00bb-170px||||false|false\u00bb global_colors_info=\u00bb{}\u00bb][et_pb_column type=\u00bb1_3&#8243; _builder_version=\u00bb4.17.4&#8243; _module_preset=\u00bbdefault\u00bb global_colors_info=\u00bb{}\u00bb][et_pb_team_member name=\u00bbBadalona\u00bb image_url=\u00bbhttps:\/\/casaldelsinfants.org\/wp-content\/uploads\/Ontreballem-badalona-cercle.png\u00bb module_class=\u00bbhover-plus\u00bb _builder_version=\u00bb4.20.1&#8243; _dynamic_attributes=\u00bblink_option_url\u00bb _module_preset=\u00bbdefault\u00bb header_font=\u00bbMyriadPro Semibold||||||||\u00bb header_text_align=\u00bbcenter\u00bb header_text_color=\u00bb#006450&#8243; width=\u00bb70%\u00bb module_alignment=\u00bbcenter\u00bb link_option_url=\u00bb@ET-DC@eyJkeW5hbWljIjp0cnVlLCJjb250ZW50IjoicG9zdF9saW5rX3VybF9wYWdlIiwic2V0dGluZ3MiOnsicG9zdF9pZCI6IjEyMDMifX0=@\u00bb header_text_color_tablet=\u00bb#006450&#8243; header_text_color_phone=\u00bb#006450&#8243; header_text_color_last_edited=\u00bbon|desktop\u00bb global_colors_info=\u00bb{}\u00bb custom_css_before__hover_enabled=\u00bbon|hover\u00bb custom_css_before__hover=\u00bbcontent: url(\/wp-content\/uploads\/munt-creu.png);||position: absolute;||margin-top: 45%;||margin-left: 50%;||z-index:2;\u00bb header_text_color__hover_enabled=\u00bbon|hover\u00bb header_text_color__hover=\u00bb#F8AC00&#8243;][\/et_pb_team_member][et_pb_team_member name=\u00bbSalt\u00bb image_url=\u00bbhttps:\/\/casaldelsinfants.org\/wp-content\/uploads\/Ontreballem-Salt.png\u00bb module_class=\u00bbhover-plus\u00bb _builder_version=\u00bb4.20.1&#8243; _dynamic_attributes=\u00bblink_option_url\u00bb _module_preset=\u00bbdefault\u00bb header_font=\u00bbMyriadPro Semibold||||||||\u00bb header_text_align=\u00bbcenter\u00bb header_text_color=\u00bb#006450&#8243; width=\u00bb70%\u00bb module_alignment=\u00bbcenter\u00bb link_option_url=\u00bb@ET-DC@eyJkeW5hbWljIjp0cnVlLCJjb250ZW50IjoicG9zdF9saW5rX3VybF9wYWdlIiwic2V0dGluZ3MiOnsicG9zdF9pZCI6IjEyNzIifX0=@\u00bb header_text_color_tablet=\u00bb#006450&#8243; header_text_color_phone=\u00bb#006450&#8243; header_text_color_last_edited=\u00bbon|desktop\u00bb global_colors_info=\u00bb{}\u00bb custom_css_before__hover=\u00bbcontent: url(\/wp-content\/uploads\/munt-creu.png);||position: absolute;||margin-top: 45%;||margin-left: 50%;||z-index:2;\u00bb custom_css_before__hover_enabled=\u00bbon|hover\u00bb header_text_color__hover=\u00bb#F8AC00&#8243; header_text_color__hover_enabled=\u00bbon|hover\u00bb][\/et_pb_team_member][\/et_pb_column][et_pb_column type=\u00bb1_3&#8243; _builder_version=\u00bb4.17.4&#8243; _module_preset=\u00bbdefault\u00bb global_colors_info=\u00bb{}\u00bb][et_pb_team_member name=\u00bbEl Raval\u00bb image_url=\u00bbhttps:\/\/casaldelsinfants.org\/wp-content\/uploads\/Ontreballem-raval-cercle.png\u00bb module_class=\u00bbhover-plus\u00bb _builder_version=\u00bb4.20.1&#8243; _dynamic_attributes=\u00bblink_option_url\u00bb _module_preset=\u00bbdefault\u00bb header_font=\u00bbMyriadPro Semibold||||||||\u00bb header_text_align=\u00bbcenter\u00bb header_text_color=\u00bb#006450&#8243; width=\u00bb70%\u00bb module_alignment=\u00bbcenter\u00bb link_option_url=\u00bb@ET-DC@eyJkeW5hbWljIjp0cnVlLCJjb250ZW50IjoicG9zdF9saW5rX3VybF9wYWdlIiwic2V0dGluZ3MiOnsicG9zdF9pZCI6IjEyNTEifX0=@\u00bb header_text_color_tablet=\u00bb#006450&#8243; header_text_color_phone=\u00bb#006450&#8243; header_text_color_last_edited=\u00bbon|desktop\u00bb global_colors_info=\u00bb{}\u00bb custom_css_before__hover=\u00bbcontent: url(\/wp-content\/uploads\/munt-creu.png);||position: absolute;||margin-top: 45%;||margin-left: 50%;||z-index:2;\u00bb custom_css_before__hover_enabled=\u00bbon|hover\u00bb header_text_color__hover=\u00bb#F8AC00&#8243; header_text_color__hover_enabled=\u00bbon|hover\u00bb][\/et_pb_team_member][et_pb_team_member name=\u00bbSanta Coloma de Gramenet\u00bb image_url=\u00bbhttps:\/\/casaldelsinfants.org\/wp-content\/uploads\/Ontreballem-Santacoloma-Cercle.png\u00bb module_class=\u00bbhover-plus\u00bb _builder_version=\u00bb4.20.1&#8243; _dynamic_attributes=\u00bblink_option_url\u00bb _module_preset=\u00bbdefault\u00bb header_font=\u00bbMyriadPro Semibold||||||||\u00bb header_text_align=\u00bbcenter\u00bb header_text_color=\u00bb#006450&#8243; width=\u00bb70%\u00bb module_alignment=\u00bbcenter\u00bb link_option_url=\u00bb@ET-DC@eyJkeW5hbWljIjp0cnVlLCJjb250ZW50IjoicG9zdF9saW5rX3VybF9wYWdlIiwic2V0dGluZ3MiOnsicG9zdF9pZCI6IjEyODEifX0=@\u00bb header_text_color_tablet=\u00bb#006450&#8243; header_text_color_phone=\u00bb#006450&#8243; header_text_color_last_edited=\u00bbon|desktop\u00bb global_colors_info=\u00bb{}\u00bb custom_css_before__hover=\u00bbcontent: url(\/wp-content\/uploads\/munt-creu.png);||position: absolute;||margin-top: 45%;||margin-left: 50%;||z-index:2;\u00bb custom_css_before__hover_enabled=\u00bbon|hover\u00bb header_text_color__hover=\u00bb#F8AC00&#8243; header_text_color__hover_enabled=\u00bbon|hover\u00bb][\/et_pb_team_member][\/et_pb_column][et_pb_column type=\u00bb1_3&#8243; _builder_version=\u00bb4.17.4&#8243; _module_preset=\u00bbdefault\u00bb global_colors_info=\u00bb{}\u00bb][et_pb_team_member name=\u00bbBes\u00f2s-La Mina\u00bb image_url=\u00bbhttps:\/\/casaldelsinfants.org\/wp-content\/uploads\/Ontreballem-mina-Cercle.png\u00bb module_class=\u00bbhover-plus\u00bb _builder_version=\u00bb4.20.1&#8243; _dynamic_attributes=\u00bblink_option_url\u00bb _module_preset=\u00bbdefault\u00bb header_font=\u00bbMyriadPro Semibold||||||||\u00bb header_text_align=\u00bbcenter\u00bb header_text_color=\u00bb#006450&#8243; width=\u00bb70%\u00bb module_alignment=\u00bbcenter\u00bb link_option_url=\u00bb@ET-DC@eyJkeW5hbWljIjp0cnVlLCJjb250ZW50IjoicG9zdF9saW5rX3VybF9wYWdlIiwic2V0dGluZ3MiOnsicG9zdF9pZCI6IjEyNjAifX0=@\u00bb header_text_color_tablet=\u00bb#006450&#8243; header_text_color_phone=\u00bb#006450&#8243; header_text_color_last_edited=\u00bbon|desktop\u00bb global_colors_info=\u00bb{}\u00bb custom_css_before__hover=\u00bbcontent: url(\/wp-content\/uploads\/munt-creu.png);||position: absolute;||margin-top: 45%;||margin-left: 50%;||z-index:2;\u00bb custom_css_before__hover_enabled=\u00bbon|hover\u00bb header_text_color__hover=\u00bb#F8AC00&#8243; header_text_color__hover_enabled=\u00bbon|hover\u00bb][\/et_pb_team_member][et_pb_team_member name=\u00bbMarruecos\u00bb image_url=\u00bbhttps:\/\/casaldelsinfants.org\/wp-content\/uploads\/al-Marroc-2.webp\u00bb module_class=\u00bbhover-plus\u00bb _builder_version=\u00bb4.20.1&#8243; _dynamic_attributes=\u00bblink_option_url\u00bb _module_preset=\u00bbdefault\u00bb header_font=\u00bbMyriadPro Semibold||||||||\u00bb header_text_align=\u00bbcenter\u00bb header_text_color=\u00bb#006450&#8243; width=\u00bb70%\u00bb module_alignment=\u00bbcenter\u00bb link_option_url=\u00bb@ET-DC@eyJkeW5hbWljIjp0cnVlLCJjb250ZW50IjoicG9zdF9saW5rX3VybF9wYWdlIiwic2V0dGluZ3MiOnsicG9zdF9pZCI6IjEyODYifX0=@\u00bb header_text_color_tablet=\u00bb#006450&#8243; header_text_color_phone=\u00bb#006450&#8243; header_text_color_last_edited=\u00bbon|desktop\u00bb global_colors_info=\u00bb{}\u00bb custom_css_before__hover=\u00bbcontent: url(\/wp-content\/uploads\/munt-creu.png);||position: absolute;||margin-top: 45%;||margin-left: 50%;||z-index:2;\u00bb custom_css_before__hover_enabled=\u00bbon|hover\u00bb header_text_color__hover=\u00bb#F8AC00&#8243; header_text_color__hover_enabled=\u00bbon|hover\u00bb][\/et_pb_team_member][\/et_pb_column][\/et_pb_row][\/et_pb_section]<\/p>\n","protected":false},"excerpt":{"rendered":"<p>D\u00d3NDE TRABAJAMOS All\u00ed donde se concentra la desigualdad, es dondetenemos que esforzarnos, para garantizar laigualdad de oportunidadesD\u00d3NDE TRABAJAMOSEl riesgo social no se distribuye de forma aleatoria. Las diferentes situaciones de vulnerabilidad, que afectan a ni\u00f1os, ni\u00f1as y j\u00f3venes, se concentran en zonas y barrios de nuestro pa\u00eds con altos \u00edndices de pobreza, desempleo y otros [&hellip;]<\/p>\n","protected":false},"author":3,"featured_media":0,"parent":0,"menu_order":0,"comment_status":"closed","ping_status":"closed","template":"","meta":{"_acf_changed":false,"_et_pb_use_builder":"on","_et_pb_old_content":"","_et_gb_content_width":"","inline_featured_image":false,"footnotes":""},"seus":[],"eixos":[],"class_list":["post-5772","page","type-page","status-publish","hentry"],"acf":[],"yoast_head":"<!-- This site is optimized with the Yoast SEO plugin v27.5 - https:\/\/yoast.com\/product\/yoast-seo-wordpress\/ -->\n<title>Donde trabajamos | Casal dels Infants<\/title>\n<meta name=\"description\" content=\"Actuamos en las zonas m\u00e1s vulnerables y con un nivel elevado de desigualdad social. Haz clic y descubre donde nos enfocamos.\" \/>\n<meta name=\"robots\" content=\"index, follow, max-snippet:-1, max-image-preview:large, max-video-preview:-1\" \/>\n<link rel=\"canonical\" href=\"https:\/\/www.casaldelsinfants.org\/es\/donde-trabajamos\/\" \/>\n<meta property=\"og:locale\" content=\"es_ES\" \/>\n<meta property=\"og:type\" content=\"article\" \/>\n<meta property=\"og:title\" content=\"Donde trabajamos | Casal dels Infants\" \/>\n<meta property=\"og:description\" content=\"Actuamos en las zonas m\u00e1s vulnerables y con un nivel elevado de desigualdad social. Haz clic y descubre donde nos enfocamos.\" \/>\n<meta property=\"og:url\" content=\"https:\/\/www.casaldelsinfants.org\/es\/donde-trabajamos\/\" \/>\n<meta property=\"og:site_name\" content=\"Casal dels Infants\" \/>\n<meta property=\"article:publisher\" content=\"https:\/\/www.facebook.com\/casalinfants\" \/>\n<meta property=\"article:modified_time\" content=\"2025-10-23T14:37:57+00:00\" \/>\n<meta name=\"twitter:card\" content=\"summary_large_image\" \/>\n<meta name=\"twitter:site\" content=\"@casalinfants\" \/>\n<meta name=\"twitter:label1\" content=\"Tiempo de lectura\" \/>\n\t<meta name=\"twitter:data1\" content=\"3 minutos\" \/>\n<script type=\"application\/ld+json\" class=\"yoast-schema-graph\">{\"@context\":\"https:\\\/\\\/schema.org\",\"@graph\":[{\"@type\":\"WebPage\",\"@id\":\"https:\\\/\\\/www.casaldelsinfants.org\\\/es\\\/donde-trabajamos\\\/\",\"url\":\"https:\\\/\\\/www.casaldelsinfants.org\\\/es\\\/donde-trabajamos\\\/\",\"name\":\"Donde trabajamos | Casal dels Infants\",\"isPartOf\":{\"@id\":\"https:\\\/\\\/www.casaldelsinfants.org\\\/es\\\/#website\"},\"datePublished\":\"2022-08-04T07:30:30+00:00\",\"dateModified\":\"2025-10-23T14:37:57+00:00\",\"description\":\"Actuamos en las zonas m\u00e1s vulnerables y con un nivel elevado de desigualdad social. Haz clic y descubre donde nos enfocamos.\",\"breadcrumb\":{\"@id\":\"https:\\\/\\\/www.casaldelsinfants.org\\\/es\\\/donde-trabajamos\\\/#breadcrumb\"},\"inLanguage\":\"es\",\"potentialAction\":[{\"@type\":\"ReadAction\",\"target\":[\"https:\\\/\\\/www.casaldelsinfants.org\\\/es\\\/donde-trabajamos\\\/\"]}]},{\"@type\":\"BreadcrumbList\",\"@id\":\"https:\\\/\\\/www.casaldelsinfants.org\\\/es\\\/donde-trabajamos\\\/#breadcrumb\",\"itemListElement\":[{\"@type\":\"ListItem\",\"position\":1,\"name\":\"Inici\",\"item\":\"https:\\\/\\\/www.casaldelsinfants.org\\\/es\\\/\"},{\"@type\":\"ListItem\",\"position\":2,\"name\":\"Donde trabajamos\"}]},{\"@type\":\"WebSite\",\"@id\":\"https:\\\/\\\/www.casaldelsinfants.org\\\/es\\\/#website\",\"url\":\"https:\\\/\\\/www.casaldelsinfants.org\\\/es\\\/\",\"name\":\"Casal dels Infants\",\"description\":\"\",\"publisher\":{\"@id\":\"https:\\\/\\\/www.casaldelsinfants.org\\\/es\\\/#organization\"},\"potentialAction\":[{\"@type\":\"SearchAction\",\"target\":{\"@type\":\"EntryPoint\",\"urlTemplate\":\"https:\\\/\\\/www.casaldelsinfants.org\\\/es\\\/?s={search_term_string}\"},\"query-input\":{\"@type\":\"PropertyValueSpecification\",\"valueRequired\":true,\"valueName\":\"search_term_string\"}}],\"inLanguage\":\"es\"},{\"@type\":\"Organization\",\"@id\":\"https:\\\/\\\/www.casaldelsinfants.org\\\/es\\\/#organization\",\"name\":\"Casal dels Infants\",\"url\":\"https:\\\/\\\/www.casaldelsinfants.org\\\/es\\\/\",\"logo\":{\"@type\":\"ImageObject\",\"inLanguage\":\"es\",\"@id\":\"https:\\\/\\\/www.casaldelsinfants.org\\\/es\\\/#\\\/schema\\\/logo\\\/image\\\/\",\"url\":\"https:\\\/\\\/www.casaldelsinfants.org\\\/wp-content\\\/uploads\\\/logo-mail.png\",\"contentUrl\":\"https:\\\/\\\/www.casaldelsinfants.org\\\/wp-content\\\/uploads\\\/logo-mail.png\",\"width\":380,\"height\":158,\"caption\":\"Casal dels Infants\"},\"image\":{\"@id\":\"https:\\\/\\\/www.casaldelsinfants.org\\\/es\\\/#\\\/schema\\\/logo\\\/image\\\/\"},\"sameAs\":[\"https:\\\/\\\/www.facebook.com\\\/casalinfants\",\"https:\\\/\\\/x.com\\\/casalinfants\",\"https:\\\/\\\/www.youtube.com\\\/user\\\/CasaldelsInfants1\",\"https:\\\/\\\/www.instagram.com\\\/casalinfants\\\/\",\"https:\\\/\\\/www.linkedin.com\\\/company\\\/casaldelsinfants?trk=organization-update_share-update_actor-text\"]}]}<\/script>\n<!-- \/ Yoast SEO plugin. -->","yoast_head_json":{"title":"Donde trabajamos | Casal dels Infants","description":"Actuamos en las zonas m\u00e1s vulnerables y con un nivel elevado de desigualdad social. Haz clic y descubre donde nos enfocamos.","robots":{"index":"index","follow":"follow","max-snippet":"max-snippet:-1","max-image-preview":"max-image-preview:large","max-video-preview":"max-video-preview:-1"},"canonical":"https:\/\/www.casaldelsinfants.org\/es\/donde-trabajamos\/","og_locale":"es_ES","og_type":"article","og_title":"Donde trabajamos | Casal dels Infants","og_description":"Actuamos en las zonas m\u00e1s vulnerables y con un nivel elevado de desigualdad social. Haz clic y descubre donde nos enfocamos.","og_url":"https:\/\/www.casaldelsinfants.org\/es\/donde-trabajamos\/","og_site_name":"Casal dels Infants","article_publisher":"https:\/\/www.facebook.com\/casalinfants","article_modified_time":"2025-10-23T14:37:57+00:00","twitter_card":"summary_large_image","twitter_site":"@casalinfants","twitter_misc":{"Tiempo de lectura":"3 minutos"},"schema":{"@context":"https:\/\/schema.org","@graph":[{"@type":"WebPage","@id":"https:\/\/www.casaldelsinfants.org\/es\/donde-trabajamos\/","url":"https:\/\/www.casaldelsinfants.org\/es\/donde-trabajamos\/","name":"Donde trabajamos | Casal dels Infants","isPartOf":{"@id":"https:\/\/www.casaldelsinfants.org\/es\/#website"},"datePublished":"2022-08-04T07:30:30+00:00","dateModified":"2025-10-23T14:37:57+00:00","description":"Actuamos en las zonas m\u00e1s vulnerables y con un nivel elevado de desigualdad social. Haz clic y descubre donde nos enfocamos.","breadcrumb":{"@id":"https:\/\/www.casaldelsinfants.org\/es\/donde-trabajamos\/#breadcrumb"},"inLanguage":"es","potentialAction":[{"@type":"ReadAction","target":["https:\/\/www.casaldelsinfants.org\/es\/donde-trabajamos\/"]}]},{"@type":"BreadcrumbList","@id":"https:\/\/www.casaldelsinfants.org\/es\/donde-trabajamos\/#breadcrumb","itemListElement":[{"@type":"ListItem","position":1,"name":"Inici","item":"https:\/\/www.casaldelsinfants.org\/es\/"},{"@type":"ListItem","position":2,"name":"Donde trabajamos"}]},{"@type":"WebSite","@id":"https:\/\/www.casaldelsinfants.org\/es\/#website","url":"https:\/\/www.casaldelsinfants.org\/es\/","name":"Casal dels Infants","description":"","publisher":{"@id":"https:\/\/www.casaldelsinfants.org\/es\/#organization"},"potentialAction":[{"@type":"SearchAction","target":{"@type":"EntryPoint","urlTemplate":"https:\/\/www.casaldelsinfants.org\/es\/?s={search_term_string}"},"query-input":{"@type":"PropertyValueSpecification","valueRequired":true,"valueName":"search_term_string"}}],"inLanguage":"es"},{"@type":"Organization","@id":"https:\/\/www.casaldelsinfants.org\/es\/#organization","name":"Casal dels Infants","url":"https:\/\/www.casaldelsinfants.org\/es\/","logo":{"@type":"ImageObject","inLanguage":"es","@id":"https:\/\/www.casaldelsinfants.org\/es\/#\/schema\/logo\/image\/","url":"https:\/\/www.casaldelsinfants.org\/wp-content\/uploads\/logo-mail.png","contentUrl":"https:\/\/www.casaldelsinfants.org\/wp-content\/uploads\/logo-mail.png","width":380,"height":158,"caption":"Casal dels Infants"},"image":{"@id":"https:\/\/www.casaldelsinfants.org\/es\/#\/schema\/logo\/image\/"},"sameAs":["https:\/\/www.facebook.com\/casalinfants","https:\/\/x.com\/casalinfants","https:\/\/www.youtube.com\/user\/CasaldelsInfants1","https:\/\/www.instagram.com\/casalinfants\/","https:\/\/www.linkedin.com\/company\/casaldelsinfants?trk=organization-update_share-update_actor-text"]}]}},"publishpress_future_action":{"enabled":false,"date":"2026-05-13 10:27:10","action":"change-status","newStatus":"draft","terms":[],"taxonomy":"translation_priority","extraData":[]},"publishpress_future_workflow_manual_trigger":{"enabledWorkflows":[]},"_links":{"self":[{"href":"https:\/\/www.casaldelsinfants.org\/es\/wp-json\/wp\/v2\/pages\/5772","targetHints":{"allow":["GET"]}}],"collection":[{"href":"https:\/\/www.casaldelsinfants.org\/es\/wp-json\/wp\/v2\/pages"}],"about":[{"href":"https:\/\/www.casaldelsinfants.org\/es\/wp-json\/wp\/v2\/types\/page"}],"author":[{"embeddable":true,"href":"https:\/\/www.casaldelsinfants.org\/es\/wp-json\/wp\/v2\/users\/3"}],"replies":[{"embeddable":true,"href":"https:\/\/www.casaldelsinfants.org\/es\/wp-json\/wp\/v2\/comments?post=5772"}],"version-history":[{"count":14,"href":"https:\/\/www.casaldelsinfants.org\/es\/wp-json\/wp\/v2\/pages\/5772\/revisions"}],"predecessor-version":[{"id":13494,"href":"https:\/\/www.casaldelsinfants.org\/es\/wp-json\/wp\/v2\/pages\/5772\/revisions\/13494"}],"wp:attachment":[{"href":"https:\/\/www.casaldelsinfants.org\/es\/wp-json\/wp\/v2\/media?parent=5772"}],"wp:term":[{"taxonomy":"seus","embeddable":true,"href":"https:\/\/www.casaldelsinfants.org\/es\/wp-json\/wp\/v2\/seus?post=5772"},{"taxonomy":"eixos","embeddable":true,"href":"https:\/\/www.casaldelsinfants.org\/es\/wp-json\/wp\/v2\/eixos?post=5772"}],"curies":[{"name":"wp","href":"https:\/\/api.w.org\/{rel}","templated":true}]}}