{"id":5817,"date":"2022-08-04T11:38:18","date_gmt":"2022-08-04T09:38:18","guid":{"rendered":"https:\/\/casal.puntzero.cat\/politica-de-privacidad-de-datos-de-caracter-personal\/"},"modified":"2025-09-25T09:16:12","modified_gmt":"2025-09-25T07:16:12","slug":"es-politica-de-privacidad-de-datos-de-caracter-personal","status":"publish","type":"page","link":"https:\/\/www.casaldelsinfants.org\/es\/es-politica-de-privacidad-de-datos-de-caracter-personal\/","title":{"rendered":"Pol\u00edtica de privacidad de datos de car\u00e1cter personal"},"content":{"rendered":"<h4>POL\u00cdTICA DE PRIVACITAT DE DADES DE CAR\u00c0CTER PERSONAL<\/h4>\n<p>De conformidad con el establecido en la normativa vigente en Protecci\u00f3n de Datos de Car\u00e1cter Personal, le informamos que sus datos facilitados mediante el presente formulario, ser\u00e1n incorporadas al sistema de tratamiento titularidad de la ASSOCIACI\u00d3 CASAL DELS INFANTS PER A L\u2019ACCI\u00d3 SOCIAL ALS BARRIS con CIF G08828998 y domicilio social situado en JUNTA DE COMER\u00c7, 16 08001, BARCELONA, con el fin de poder gestionar su donaci\u00f3n seg\u00fan las condiciones que nos ha indicado y atender los compromisos derivados de la relaci\u00f3n entre ambas partes, la ASSOCIACI\u00d3 CASAL DELS INFANTS PER A L\u2019ACCI\u00d3 SOCIAL ALS BARRIS informa que los datos ser\u00e1n conservados durante el periodo legalmente establecido.<\/p>\n<p>Con la presente cl\u00e1usula queda informado que sus datos ser\u00e1n comunicados en caso de ser necesario a: bancos y cajas, administraciones p\u00fablicas y a todas aquellas entidades con las cuales sea necesaria la comunicaci\u00f3n, con el fin de cumplir con la prestaci\u00f3n del servicio anteriormente mencionado. El hecho de no facilitar los datos a las entidades mencionadas implica que no se podr\u00e1 cumplir con la gesti\u00f3n efectiva de su donaci\u00f3n.<\/p>\n<p>As\u00ed mismo, le informamos que puede contactar con el Delegado de Protecci\u00f3n de Datos de L&#8217;ASSOCIACI\u00d3 CASAL DELS INFANTS PER A L&#8217;ACCI\u00d3 SOCIAL ALS BARRIS , dirigi\u00e9ndose por escrito a la direcci\u00f3n de correo <a href=\"mailto:lopd@casaldelsinfants.org\">lopd@casaldelsinfants.org<\/a> o al tel\u00e9fono 933 170 013.<\/p>\n<p>La ASSOCIACI\u00d3 CASAL DELS INFANTS PER A L\u2019ACCI\u00d3 SOCIAL ALS BARRIS informa que proceder\u00e1 a tratar los datos de manera l\u00edcita, leal, transparente, adecuada, pertinente, limitada, exacta y actualizada. Es por eso que la ASSOCIACI\u00d3 CASAL DELS INFANTS PER A L\u2019ACCI\u00d3 SOCIAL ALS BARRIS se compromete a adoptar todas las medidas razonables porque estos se supriman o rectifiquen sin m\u00e1s dilaci\u00f3n cuando sean inexactas.<\/p>\n<p>De acuerdo con los derechos que le confiere la normativa vigente en protecci\u00f3n de datos podr\u00e1 ejercer los derechos de acceso, rectificaci\u00f3n, limitaci\u00f3n de tratamiento, supresi\u00f3n, portabilidad y oposici\u00f3n en el tratamiento de sus datos de car\u00e1cter personal as\u00ed como del consentimiento prestado por el tratamiento de las mismas, dirigiendo su petici\u00f3n a la direcci\u00f3n postal arriba indicada o al correo electr\u00f3nico<br \/> <a href=\"mailto:web@casaldelsinfants.org\">comunicacio@casaldelsinfants.org<\/a>. Podr\u00e1 dirigirse a la Autoridad de Control competente para presentar la reclamaci\u00f3n que considere oportuna.<\/p>\n<p>De acuerdo con el establecido en la Ley 34\/2002, de 11 de julio, de Servicios de la Sociedad de la Informaci\u00f3n y de Comercio Electr\u00f3nico, en su art\u00edculo 21, solicitamos tambi\u00e9n su consentimiento expreso para enviarle informaci\u00f3n que consideramos puedan ser de su inter\u00e9s, por correo electr\u00f3nico o por cualquiera otro medio de comunicaci\u00f3n electr\u00f3nica equivalente, as\u00ed como a la direcci\u00f3n postal que nos haya facilitado y\/o v\u00eda telef\u00f3nica, as\u00ed como a la direcci\u00f3n postal que nos haya facilitado y\/o v\u00eda telef\u00f3nica.<\/p>\n<p>&nbsp;<\/p>\n<p>&nbsp;<\/p>\n<p>&nbsp;<\/p>\n","protected":false},"excerpt":{"rendered":"<p>POL\u00cdTICA DE PRIVACITAT DE DADES DE CAR\u00c0CTER PERSONAL De conformidad con el establecido en la normativa vigente en Protecci\u00f3n de Datos de Car\u00e1cter Personal, le informamos que sus datos facilitados mediante el presente formulario, ser\u00e1n incorporadas al sistema de tratamiento titularidad de la ASSOCIACI\u00d3 CASAL DELS INFANTS PER A L\u2019ACCI\u00d3 SOCIAL ALS BARRIS con CIF [&hellip;]<\/p>\n","protected":false},"author":3,"featured_media":0,"parent":0,"menu_order":0,"comment_status":"closed","ping_status":"closed","template":"","meta":{"_acf_changed":false,"_et_pb_use_builder":"","_et_pb_old_content":"","_et_gb_content_width":"","inline_featured_image":false,"footnotes":""},"seus":[],"eixos":[],"class_list":["post-5817","page","type-page","status-publish","hentry"],"acf":[],"yoast_head":"<!-- This site is optimized with the Yoast SEO plugin v27.5 - https:\/\/yoast.com\/product\/yoast-seo-wordpress\/ -->\n<title>Pol\u00edtica de privacidad de datos | Casal dels Infants<\/title>\n<meta name=\"description\" content=\"De acuerdo con los derechos que le confiere la normativa vigente en protecci\u00f3n de datos podr\u00e1 ejercer los derechos de acceso, rectificaci\u00f3n, limitaci\u00f3n de tratamiento, supresi\u00f3n, portabilidad y oposici\u00f3n en el tratamiento de sus datos de car\u00e1cter personal as\u00ed como del consentimiento prestado por el tratamiento de las mismas, dirigiendo su petici\u00f3n a la direcci\u00f3n postal arriba indicada o al correo electr\u00f3nico comunicacio@casaldelsinfants.org.\" \/>\n<meta name=\"robots\" content=\"index, follow, max-snippet:-1, max-image-preview:large, max-video-preview:-1\" \/>\n<link rel=\"canonical\" href=\"https:\/\/www.casaldelsinfants.org\/es\/es-politica-de-privacidad-de-datos-de-caracter-personal\/\" \/>\n<meta property=\"og:locale\" content=\"es_ES\" \/>\n<meta property=\"og:type\" content=\"article\" \/>\n<meta property=\"og:title\" content=\"Pol\u00edtica de privacidad de datos | Casal dels Infants\" \/>\n<meta property=\"og:description\" content=\"De acuerdo con los derechos que le confiere la normativa vigente en protecci\u00f3n de datos podr\u00e1 ejercer los derechos de acceso, rectificaci\u00f3n, limitaci\u00f3n de tratamiento, supresi\u00f3n, portabilidad y oposici\u00f3n en el tratamiento de sus datos de car\u00e1cter personal as\u00ed como del consentimiento prestado por el tratamiento de las mismas, dirigiendo su petici\u00f3n a la direcci\u00f3n postal arriba indicada o al correo electr\u00f3nico comunicacio@casaldelsinfants.org.\" \/>\n<meta property=\"og:url\" content=\"https:\/\/www.casaldelsinfants.org\/es\/es-politica-de-privacidad-de-datos-de-caracter-personal\/\" \/>\n<meta property=\"og:site_name\" content=\"Casal dels Infants\" \/>\n<meta property=\"article:publisher\" content=\"https:\/\/www.facebook.com\/casalinfants\" \/>\n<meta property=\"article:modified_time\" content=\"2025-09-25T07:16:12+00:00\" \/>\n<meta name=\"twitter:card\" content=\"summary_large_image\" \/>\n<meta name=\"twitter:site\" content=\"@casalinfants\" \/>\n<meta name=\"twitter:label1\" content=\"Tiempo de lectura\" \/>\n\t<meta name=\"twitter:data1\" content=\"3 minutos\" \/>\n<script type=\"application\/ld+json\" class=\"yoast-schema-graph\">{\"@context\":\"https:\\\/\\\/schema.org\",\"@graph\":[{\"@type\":\"WebPage\",\"@id\":\"https:\\\/\\\/www.casaldelsinfants.org\\\/es\\\/es-politica-de-privacidad-de-datos-de-caracter-personal\\\/\",\"url\":\"https:\\\/\\\/www.casaldelsinfants.org\\\/es\\\/es-politica-de-privacidad-de-datos-de-caracter-personal\\\/\",\"name\":\"Pol\u00edtica de privacidad de datos | Casal dels Infants\",\"isPartOf\":{\"@id\":\"https:\\\/\\\/www.casaldelsinfants.org\\\/es\\\/#website\"},\"datePublished\":\"2022-08-04T09:38:18+00:00\",\"dateModified\":\"2025-09-25T07:16:12+00:00\",\"description\":\"De acuerdo con los derechos que le confiere la normativa vigente en protecci\u00f3n de datos podr\u00e1 ejercer los derechos de acceso, rectificaci\u00f3n, limitaci\u00f3n de tratamiento, supresi\u00f3n, portabilidad y oposici\u00f3n en el tratamiento de sus datos de car\u00e1cter personal as\u00ed como del consentimiento prestado por el tratamiento de las mismas, dirigiendo su petici\u00f3n a la direcci\u00f3n postal arriba indicada o al correo electr\u00f3nico comunicacio@casaldelsinfants.org.\",\"breadcrumb\":{\"@id\":\"https:\\\/\\\/www.casaldelsinfants.org\\\/es\\\/es-politica-de-privacidad-de-datos-de-caracter-personal\\\/#breadcrumb\"},\"inLanguage\":\"es\",\"potentialAction\":[{\"@type\":\"ReadAction\",\"target\":[\"https:\\\/\\\/www.casaldelsinfants.org\\\/es\\\/es-politica-de-privacidad-de-datos-de-caracter-personal\\\/\"]}]},{\"@type\":\"BreadcrumbList\",\"@id\":\"https:\\\/\\\/www.casaldelsinfants.org\\\/es\\\/es-politica-de-privacidad-de-datos-de-caracter-personal\\\/#breadcrumb\",\"itemListElement\":[{\"@type\":\"ListItem\",\"position\":1,\"name\":\"Inici\",\"item\":\"https:\\\/\\\/www.casaldelsinfants.org\\\/es\\\/\"},{\"@type\":\"ListItem\",\"position\":2,\"name\":\"Pol\u00edtica de privacidad de datos de car\u00e1cter personal\"}]},{\"@type\":\"WebSite\",\"@id\":\"https:\\\/\\\/www.casaldelsinfants.org\\\/es\\\/#website\",\"url\":\"https:\\\/\\\/www.casaldelsinfants.org\\\/es\\\/\",\"name\":\"Casal dels Infants\",\"description\":\"\",\"publisher\":{\"@id\":\"https:\\\/\\\/www.casaldelsinfants.org\\\/es\\\/#organization\"},\"potentialAction\":[{\"@type\":\"SearchAction\",\"target\":{\"@type\":\"EntryPoint\",\"urlTemplate\":\"https:\\\/\\\/www.casaldelsinfants.org\\\/es\\\/?s={search_term_string}\"},\"query-input\":{\"@type\":\"PropertyValueSpecification\",\"valueRequired\":true,\"valueName\":\"search_term_string\"}}],\"inLanguage\":\"es\"},{\"@type\":\"Organization\",\"@id\":\"https:\\\/\\\/www.casaldelsinfants.org\\\/es\\\/#organization\",\"name\":\"Casal dels Infants\",\"url\":\"https:\\\/\\\/www.casaldelsinfants.org\\\/es\\\/\",\"logo\":{\"@type\":\"ImageObject\",\"inLanguage\":\"es\",\"@id\":\"https:\\\/\\\/www.casaldelsinfants.org\\\/es\\\/#\\\/schema\\\/logo\\\/image\\\/\",\"url\":\"https:\\\/\\\/www.casaldelsinfants.org\\\/wp-content\\\/uploads\\\/logo-mail.png\",\"contentUrl\":\"https:\\\/\\\/www.casaldelsinfants.org\\\/wp-content\\\/uploads\\\/logo-mail.png\",\"width\":380,\"height\":158,\"caption\":\"Casal dels Infants\"},\"image\":{\"@id\":\"https:\\\/\\\/www.casaldelsinfants.org\\\/es\\\/#\\\/schema\\\/logo\\\/image\\\/\"},\"sameAs\":[\"https:\\\/\\\/www.facebook.com\\\/casalinfants\",\"https:\\\/\\\/x.com\\\/casalinfants\",\"https:\\\/\\\/www.youtube.com\\\/user\\\/CasaldelsInfants1\",\"https:\\\/\\\/www.instagram.com\\\/casalinfants\\\/\",\"https:\\\/\\\/www.linkedin.com\\\/company\\\/casaldelsinfants?trk=organization-update_share-update_actor-text\"]}]}<\/script>\n<!-- \/ Yoast SEO plugin. -->","yoast_head_json":{"title":"Pol\u00edtica de privacidad de datos | Casal dels Infants","description":"De acuerdo con los derechos que le confiere la normativa vigente en protecci\u00f3n de datos podr\u00e1 ejercer los derechos de acceso, rectificaci\u00f3n, limitaci\u00f3n de tratamiento, supresi\u00f3n, portabilidad y oposici\u00f3n en el tratamiento de sus datos de car\u00e1cter personal as\u00ed como del consentimiento prestado por el tratamiento de las mismas, dirigiendo su petici\u00f3n a la direcci\u00f3n postal arriba indicada o al correo electr\u00f3nico comunicacio@casaldelsinfants.org.","robots":{"index":"index","follow":"follow","max-snippet":"max-snippet:-1","max-image-preview":"max-image-preview:large","max-video-preview":"max-video-preview:-1"},"canonical":"https:\/\/www.casaldelsinfants.org\/es\/es-politica-de-privacidad-de-datos-de-caracter-personal\/","og_locale":"es_ES","og_type":"article","og_title":"Pol\u00edtica de privacidad de datos | Casal dels Infants","og_description":"De acuerdo con los derechos que le confiere la normativa vigente en protecci\u00f3n de datos podr\u00e1 ejercer los derechos de acceso, rectificaci\u00f3n, limitaci\u00f3n de tratamiento, supresi\u00f3n, portabilidad y oposici\u00f3n en el tratamiento de sus datos de car\u00e1cter personal as\u00ed como del consentimiento prestado por el tratamiento de las mismas, dirigiendo su petici\u00f3n a la direcci\u00f3n postal arriba indicada o al correo electr\u00f3nico comunicacio@casaldelsinfants.org.","og_url":"https:\/\/www.casaldelsinfants.org\/es\/es-politica-de-privacidad-de-datos-de-caracter-personal\/","og_site_name":"Casal dels Infants","article_publisher":"https:\/\/www.facebook.com\/casalinfants","article_modified_time":"2025-09-25T07:16:12+00:00","twitter_card":"summary_large_image","twitter_site":"@casalinfants","twitter_misc":{"Tiempo de lectura":"3 minutos"},"schema":{"@context":"https:\/\/schema.org","@graph":[{"@type":"WebPage","@id":"https:\/\/www.casaldelsinfants.org\/es\/es-politica-de-privacidad-de-datos-de-caracter-personal\/","url":"https:\/\/www.casaldelsinfants.org\/es\/es-politica-de-privacidad-de-datos-de-caracter-personal\/","name":"Pol\u00edtica de privacidad de datos | Casal dels Infants","isPartOf":{"@id":"https:\/\/www.casaldelsinfants.org\/es\/#website"},"datePublished":"2022-08-04T09:38:18+00:00","dateModified":"2025-09-25T07:16:12+00:00","description":"De acuerdo con los derechos que le confiere la normativa vigente en protecci\u00f3n de datos podr\u00e1 ejercer los derechos de acceso, rectificaci\u00f3n, limitaci\u00f3n de tratamiento, supresi\u00f3n, portabilidad y oposici\u00f3n en el tratamiento de sus datos de car\u00e1cter personal as\u00ed como del consentimiento prestado por el tratamiento de las mismas, dirigiendo su petici\u00f3n a la direcci\u00f3n postal arriba indicada o al correo electr\u00f3nico comunicacio@casaldelsinfants.org.","breadcrumb":{"@id":"https:\/\/www.casaldelsinfants.org\/es\/es-politica-de-privacidad-de-datos-de-caracter-personal\/#breadcrumb"},"inLanguage":"es","potentialAction":[{"@type":"ReadAction","target":["https:\/\/www.casaldelsinfants.org\/es\/es-politica-de-privacidad-de-datos-de-caracter-personal\/"]}]},{"@type":"BreadcrumbList","@id":"https:\/\/www.casaldelsinfants.org\/es\/es-politica-de-privacidad-de-datos-de-caracter-personal\/#breadcrumb","itemListElement":[{"@type":"ListItem","position":1,"name":"Inici","item":"https:\/\/www.casaldelsinfants.org\/es\/"},{"@type":"ListItem","position":2,"name":"Pol\u00edtica de privacidad de datos de car\u00e1cter personal"}]},{"@type":"WebSite","@id":"https:\/\/www.casaldelsinfants.org\/es\/#website","url":"https:\/\/www.casaldelsinfants.org\/es\/","name":"Casal dels Infants","description":"","publisher":{"@id":"https:\/\/www.casaldelsinfants.org\/es\/#organization"},"potentialAction":[{"@type":"SearchAction","target":{"@type":"EntryPoint","urlTemplate":"https:\/\/www.casaldelsinfants.org\/es\/?s={search_term_string}"},"query-input":{"@type":"PropertyValueSpecification","valueRequired":true,"valueName":"search_term_string"}}],"inLanguage":"es"},{"@type":"Organization","@id":"https:\/\/www.casaldelsinfants.org\/es\/#organization","name":"Casal dels Infants","url":"https:\/\/www.casaldelsinfants.org\/es\/","logo":{"@type":"ImageObject","inLanguage":"es","@id":"https:\/\/www.casaldelsinfants.org\/es\/#\/schema\/logo\/image\/","url":"https:\/\/www.casaldelsinfants.org\/wp-content\/uploads\/logo-mail.png","contentUrl":"https:\/\/www.casaldelsinfants.org\/wp-content\/uploads\/logo-mail.png","width":380,"height":158,"caption":"Casal dels Infants"},"image":{"@id":"https:\/\/www.casaldelsinfants.org\/es\/#\/schema\/logo\/image\/"},"sameAs":["https:\/\/www.facebook.com\/casalinfants","https:\/\/x.com\/casalinfants","https:\/\/www.youtube.com\/user\/CasaldelsInfants1","https:\/\/www.instagram.com\/casalinfants\/","https:\/\/www.linkedin.com\/company\/casaldelsinfants?trk=organization-update_share-update_actor-text"]}]}},"publishpress_future_action":{"enabled":false,"date":"2026-05-18 18:13:29","action":"change-status","newStatus":"draft","terms":[],"taxonomy":"translation_priority","extraData":[]},"publishpress_future_workflow_manual_trigger":{"enabledWorkflows":[]},"_links":{"self":[{"href":"https:\/\/www.casaldelsinfants.org\/es\/wp-json\/wp\/v2\/pages\/5817","targetHints":{"allow":["GET"]}}],"collection":[{"href":"https:\/\/www.casaldelsinfants.org\/es\/wp-json\/wp\/v2\/pages"}],"about":[{"href":"https:\/\/www.casaldelsinfants.org\/es\/wp-json\/wp\/v2\/types\/page"}],"author":[{"embeddable":true,"href":"https:\/\/www.casaldelsinfants.org\/es\/wp-json\/wp\/v2\/users\/3"}],"replies":[{"embeddable":true,"href":"https:\/\/www.casaldelsinfants.org\/es\/wp-json\/wp\/v2\/comments?post=5817"}],"version-history":[{"count":7,"href":"https:\/\/www.casaldelsinfants.org\/es\/wp-json\/wp\/v2\/pages\/5817\/revisions"}],"predecessor-version":[{"id":41893,"href":"https:\/\/www.casaldelsinfants.org\/es\/wp-json\/wp\/v2\/pages\/5817\/revisions\/41893"}],"wp:attachment":[{"href":"https:\/\/www.casaldelsinfants.org\/es\/wp-json\/wp\/v2\/media?parent=5817"}],"wp:term":[{"taxonomy":"seus","embeddable":true,"href":"https:\/\/www.casaldelsinfants.org\/es\/wp-json\/wp\/v2\/seus?post=5817"},{"taxonomy":"eixos","embeddable":true,"href":"https:\/\/www.casaldelsinfants.org\/es\/wp-json\/wp\/v2\/eixos?post=5817"}],"curies":[{"name":"wp","href":"https:\/\/api.w.org\/{rel}","templated":true}]}}