{"id":5991,"date":"2022-08-05T09:13:36","date_gmt":"2022-08-05T07:13:36","guid":{"rendered":"https:\/\/casal.puntzero.cat\/ventajas-fiscales\/"},"modified":"2025-05-29T12:13:31","modified_gmt":"2025-05-29T10:13:31","slug":"ventajas-fiscales","status":"publish","type":"page","link":"https:\/\/www.casaldelsinfants.org\/es\/que-puedes-hacer-tu\/ventajas-fiscales\/","title":{"rendered":"Ventajas fiscales"},"content":{"rendered":"<p>[et_pb_section fb_built=\u00bb1&#8243; _builder_version=\u00bb4.17.4&#8243; _module_preset=\u00bbdefault\u00bb da_disable_devices=\u00bboff|off|off\u00bb global_colors_info=\u00bb{}\u00bb da_is_popup=\u00bboff\u00bb da_exit_intent=\u00bboff\u00bb da_has_close=\u00bbon\u00bb da_alt_close=\u00bboff\u00bb da_dark_close=\u00bboff\u00bb da_not_modal=\u00bbon\u00bb da_is_singular=\u00bboff\u00bb da_with_loader=\u00bboff\u00bb da_has_shadow=\u00bbon\u00bb][et_pb_row _builder_version=\u00bb4.17.6&#8243; _module_preset=\u00bbdefault\u00bb custom_margin_tablet=\u00bb70px||||false|false\u00bb custom_margin_phone=\u00bb||||false|false\u00bb custom_margin_last_edited=\u00bbon|phone\u00bb collapsed=\u00bboff\u00bb global_colors_info=\u00bb{}\u00bb][et_pb_column type=\u00bb4_4&#8243; _builder_version=\u00bb4.17.4&#8243; _module_preset=\u00bbdefault\u00bb global_colors_info=\u00bb{}\u00bb][et_pb_text _builder_version=\u00bb4.23.1&#8243; _module_preset=\u00bbdefault\u00bb text_text_color=\u00bb#006450&#8243; header_2_font=\u00bbMyriadPro Regular||||||||\u00bb header_2_font_size=\u00bb38px\u00bb header_3_font=\u00bbMyriadPro Semibold||||||||\u00bb header_3_text_color=\u00bb#006450&#8243; header_3_font_size=\u00bb24px\u00bb global_colors_info=\u00bb{}\u00bb]<\/p>\n<h2 class=\"title\">BENEFICIOS FISCALES<\/h2>\n<div class=\"title-desc\">\n<h3>La solidaridad se traduce en una desgravaci\u00f3n fiscal m\u00e1s importante<\/h3>\n<p>De acuerdo con la modificaci\u00f3n de la Ley 49\/2002 de Incentivos Fiscales al Mecenazgo, que entr\u00f3 en vigor el 1 de enero de 2024, podr\u00e9is acceder a interesantes beneficios fiscales por vuestras donaciones.<\/p>\n<\/div>\n<p>[\/et_pb_text][\/et_pb_column][\/et_pb_row][et_pb_row column_structure=\u00bb1_2,1_2&#8243; module_class=\u00bbavantetges-fiscals-block\u00bb _builder_version=\u00bb4.17.6&#8243; _module_preset=\u00bbdefault\u00bb width=\u00bb100%\u00bb width_tablet=\u00bb90%\u00bb width_phone=\u00bb90%\u00bb width_last_edited=\u00bbon|tablet\u00bb custom_margin=\u00bb70px||||false|false\u00bb global_colors_info=\u00bb{}\u00bb][et_pb_column type=\u00bb1_2&#8243; _builder_version=\u00bb4.17.4&#8243; _module_preset=\u00bbdefault\u00bb background_color=\u00bb#fde1ab\u00bb global_colors_info=\u00bb{}\u00bb][et_pb_image src=\u00bbhttps:\/\/casaldelsinfants.org\/wp-content\/uploads\/\/icona1.svg\u00bb title_text=\u00bbicona1&#8243; _builder_version=\u00bb4.17.4&#8243; _module_preset=\u00bbdefault\u00bb max_width=\u00bb274px\u00bb module_alignment=\u00bbcenter\u00bb custom_margin=\u00bb-83px||||false|false\u00bb global_colors_info=\u00bb{}\u00bb][\/et_pb_image][et_pb_text _builder_version=\u00bb4.23.1&#8243; _module_preset=\u00bbdefault\u00bb header_3_font=\u00bbMyriadPro Semibold||||||||\u00bb header_3_text_color=\u00bb#006450&#8243; header_3_font_size=\u00bb24px\u00bb header_4_font=\u00bbMyriadPro Semibold||||||||\u00bb header_4_text_color=\u00bb#006450&#8243; custom_padding=\u00bb40px|40px|40px|40px|false|false\u00bb global_colors_info=\u00bb{}\u00bb]<\/p>\n<h4 class=\"title\">Si eres un ciudadano<\/h4>\n<div class=\"desc\">\n<h3>Si eres un ciudadano o ciudadana:<\/h3>\n<ul>\n<li>Por las donaciones hasta 250\u20ac anuales, recuperar\u00e1s el 80%.<\/li>\n<li>Por todo lo que dones a partir de 250\u20ac anuales, te devolver\u00e1n el 40%.<\/li>\n<li>Si hace 3 a\u00f1os o m\u00e1s que haces aportaciones al Casal dels Infants, de un importe igual o superior al del a\u00f1o anterior, te devolver\u00e1n el 45%.<\/li>\n<li>Y si resides en Catalu\u00f1a, te podr\u00e1s beneficiar de un 15% adicional.*<\/li>\n<\/ul>\n<h4>En total, hasta un 95% por los primeros 250 euros de donaci\u00f3n anual, para los residentes en Catalu\u00f1a.<\/h4>\n<\/div>\n<p>[\/et_pb_text][\/et_pb_column][et_pb_column type=\u00bb1_2&#8243; _builder_version=\u00bb4.17.6&#8243; _module_preset=\u00bbdefault\u00bb background_color=\u00bb#a5d0bb\u00bb global_colors_info=\u00bb{}\u00bb custom_css_main_element_last_edited=\u00bbon|phone\u00bb custom_css_main_element_tablet=\u00bbmargin-top: 80px;\u00bb custom_css_main_element_phone=\u00bbmargin-top: 80px;\u00bb][et_pb_image src=\u00bbhttps:\/\/casaldelsinfants.org\/wp-content\/uploads\/\/icona1.svg\u00bb title_text=\u00bbicona1&#8243; _builder_version=\u00bb4.17.4&#8243; _module_preset=\u00bbdefault\u00bb max_width=\u00bb274px\u00bb module_alignment=\u00bbcenter\u00bb custom_margin=\u00bb-83px||||false|false\u00bb global_colors_info=\u00bb{}\u00bb][\/et_pb_image][et_pb_text _builder_version=\u00bb4.23.1&#8243; _module_preset=\u00bbdefault\u00bb header_3_font=\u00bbMyriadPro Semibold||||||||\u00bb header_3_text_color=\u00bb#006450&#8243; header_3_font_size=\u00bb24px\u00bb header_4_font=\u00bbMyriadPro Semibold||||||||\u00bb header_4_text_color=\u00bb#006450&#8243; custom_padding=\u00bb40px|40px|40px|40px|false|false\u00bb global_colors_info=\u00bb{}\u00bb]<\/p>\n<h3>Si sois una empresa<\/h3>\n<ul>\n<li>Por las donaciones en general recuperar\u00e9is el 40%.<\/li>\n<li>Si en los \u00faltimos dos ejercicios hab\u00e9is realizado alguna donaci\u00f3n al Casal dels Infants (un importe igual o superior al ejercicio anterior) recuperar\u00e9is el 50%.<\/li>\n<\/ul>\n<p>[\/et_pb_text][\/et_pb_column][\/et_pb_row][et_pb_row _builder_version=\u00bb4.17.4&#8243; _module_preset=\u00bbdefault\u00bb width=\u00bb100%\u00bb width_tablet=\u00bb90%\u00bb width_phone=\u00bb90%\u00bb width_last_edited=\u00bbon|tablet\u00bb global_colors_info=\u00bb{}\u00bb][et_pb_column type=\u00bb4_4&#8243; _builder_version=\u00bb4.17.4&#8243; _module_preset=\u00bbdefault\u00bb global_colors_info=\u00bb{}\u00bb][et_pb_text _builder_version=\u00bb4.17.4&#8243; _module_preset=\u00bbdefault\u00bb text_font=\u00bbMyriadPro Regular||||||||\u00bb width=\u00bb100%\u00bb width_tablet=\u00bb90%\u00bb width_phone=\u00bb90%\u00bb width_last_edited=\u00bbon|tablet\u00bb max_width=\u00bb90%\u00bb global_colors_info=\u00bb{}\u00bb]<\/p>\n<p><span>* La Asociaci\u00f3n Casal dels Infants est\u00e1 inscrita en el Registre d&#8217;Entitats de Foment de la Llengua Catalana. Las donaciones efectuadas a estas entidades, tienen derecho a una deducci\u00f3n en el IRPF del 15%, con un l\u00edmite m\u00e1ximo del 10% de la cuota \u00edntegra auton\u00f3mica.<\/span><\/p>\n<p>[\/et_pb_text][\/et_pb_column][\/et_pb_row][\/et_pb_section]<\/p>\n","protected":false},"excerpt":{"rendered":"<p>BENEFICIOS FISCALES La solidaridad se traduce en una desgravaci\u00f3n fiscal m\u00e1s importante De acuerdo con la modificaci\u00f3n de la Ley 49\/2002 de Incentivos Fiscales al Mecenazgo, que entr\u00f3 en vigor el 1 de enero de 2024, podr\u00e9is acceder a interesantes beneficios fiscales por vuestras donaciones. Si eres un ciudadano Si eres un ciudadano o ciudadana: [&hellip;]<\/p>\n","protected":false},"author":3,"featured_media":0,"parent":8671,"menu_order":0,"comment_status":"closed","ping_status":"closed","template":"","meta":{"_acf_changed":false,"_et_pb_use_builder":"on","_et_pb_old_content":"","_et_gb_content_width":"","inline_featured_image":false,"footnotes":""},"seus":[],"eixos":[],"class_list":["post-5991","page","type-page","status-publish","hentry"],"acf":[],"yoast_head":"<!-- This site is optimized with the Yoast SEO plugin v27.4 - https:\/\/yoast.com\/product\/yoast-seo-wordpress\/ -->\n<title>Ventajas Fiscales | Casal dels Infants<\/title>\n<meta name=\"description\" content=\"En Casal dels Infants podr\u00e1s desgravar tus donaciones hasta un 95% en la declaraci\u00f3n de la renta. Haz click e inf\u00f3rmate.\" \/>\n<meta name=\"robots\" content=\"index, follow, max-snippet:-1, max-image-preview:large, max-video-preview:-1\" \/>\n<link rel=\"canonical\" href=\"https:\/\/www.casaldelsinfants.org\/es\/que-puedes-hacer-tu\/ventajas-fiscales\/\" \/>\n<meta property=\"og:locale\" content=\"es_ES\" \/>\n<meta property=\"og:type\" content=\"article\" \/>\n<meta property=\"og:title\" content=\"Descubre las Ventajas Fiscales del Casal dels Infants\" \/>\n<meta property=\"og:description\" content=\"En Casal dels Infants podr\u00e1s descubrir interesantes beneficios fiscales por tus donaciones. Haz click e inf\u00f3rmate.\" \/>\n<meta property=\"og:url\" content=\"https:\/\/www.casaldelsinfants.org\/es\/que-puedes-hacer-tu\/ventajas-fiscales\/\" \/>\n<meta property=\"og:site_name\" content=\"Casal dels Infants\" \/>\n<meta property=\"article:publisher\" content=\"https:\/\/www.facebook.com\/casalinfants\" \/>\n<meta property=\"article:modified_time\" content=\"2025-05-29T10:13:31+00:00\" \/>\n<meta name=\"twitter:card\" content=\"summary_large_image\" \/>\n<meta name=\"twitter:title\" content=\"Descubre las Ventajas Fiscales del Casal dels Infants\" \/>\n<meta name=\"twitter:description\" content=\"En Casal dels Infants podr\u00e1s descubrir interesantes beneficios fiscales por tus donaciones. Haz click e inf\u00f3rmate.\" \/>\n<meta name=\"twitter:site\" content=\"@casalinfants\" \/>\n<meta name=\"twitter:label1\" content=\"Tiempo de lectura\" \/>\n\t<meta name=\"twitter:data1\" content=\"2 minutos\" \/>\n<script type=\"application\/ld+json\" class=\"yoast-schema-graph\">{\"@context\":\"https:\\\/\\\/schema.org\",\"@graph\":[{\"@type\":\"WebPage\",\"@id\":\"https:\\\/\\\/www.casaldelsinfants.org\\\/es\\\/que-puedes-hacer-tu\\\/ventajas-fiscales\\\/\",\"url\":\"https:\\\/\\\/www.casaldelsinfants.org\\\/es\\\/que-puedes-hacer-tu\\\/ventajas-fiscales\\\/\",\"name\":\"Ventajas Fiscales | Casal dels Infants\",\"isPartOf\":{\"@id\":\"https:\\\/\\\/www.casaldelsinfants.org\\\/es\\\/#website\"},\"datePublished\":\"2022-08-05T07:13:36+00:00\",\"dateModified\":\"2025-05-29T10:13:31+00:00\",\"description\":\"En Casal dels Infants podr\u00e1s desgravar tus donaciones hasta un 95% en la declaraci\u00f3n de la renta. Haz click e inf\u00f3rmate.\",\"breadcrumb\":{\"@id\":\"https:\\\/\\\/www.casaldelsinfants.org\\\/es\\\/que-puedes-hacer-tu\\\/ventajas-fiscales\\\/#breadcrumb\"},\"inLanguage\":\"es\",\"potentialAction\":[{\"@type\":\"ReadAction\",\"target\":[\"https:\\\/\\\/www.casaldelsinfants.org\\\/es\\\/que-puedes-hacer-tu\\\/ventajas-fiscales\\\/\"]}]},{\"@type\":\"BreadcrumbList\",\"@id\":\"https:\\\/\\\/www.casaldelsinfants.org\\\/es\\\/que-puedes-hacer-tu\\\/ventajas-fiscales\\\/#breadcrumb\",\"itemListElement\":[{\"@type\":\"ListItem\",\"position\":1,\"name\":\"Inici\",\"item\":\"https:\\\/\\\/www.casaldelsinfants.org\\\/es\\\/\"},{\"@type\":\"ListItem\",\"position\":2,\"name\":\"Qu\u00e9 puedes hacer t\u00fa\",\"item\":\"https:\\\/\\\/www.casaldelsinfants.org\\\/es\\\/que-puedes-hacer-tu\\\/\"},{\"@type\":\"ListItem\",\"position\":3,\"name\":\"Ventajas fiscales\"}]},{\"@type\":\"WebSite\",\"@id\":\"https:\\\/\\\/www.casaldelsinfants.org\\\/es\\\/#website\",\"url\":\"https:\\\/\\\/www.casaldelsinfants.org\\\/es\\\/\",\"name\":\"Casal dels Infants\",\"description\":\"\",\"publisher\":{\"@id\":\"https:\\\/\\\/www.casaldelsinfants.org\\\/es\\\/#organization\"},\"potentialAction\":[{\"@type\":\"SearchAction\",\"target\":{\"@type\":\"EntryPoint\",\"urlTemplate\":\"https:\\\/\\\/www.casaldelsinfants.org\\\/es\\\/?s={search_term_string}\"},\"query-input\":{\"@type\":\"PropertyValueSpecification\",\"valueRequired\":true,\"valueName\":\"search_term_string\"}}],\"inLanguage\":\"es\"},{\"@type\":\"Organization\",\"@id\":\"https:\\\/\\\/www.casaldelsinfants.org\\\/es\\\/#organization\",\"name\":\"Casal dels Infants\",\"url\":\"https:\\\/\\\/www.casaldelsinfants.org\\\/es\\\/\",\"logo\":{\"@type\":\"ImageObject\",\"inLanguage\":\"es\",\"@id\":\"https:\\\/\\\/www.casaldelsinfants.org\\\/es\\\/#\\\/schema\\\/logo\\\/image\\\/\",\"url\":\"https:\\\/\\\/www.casaldelsinfants.org\\\/wp-content\\\/uploads\\\/logo-mail.png\",\"contentUrl\":\"https:\\\/\\\/www.casaldelsinfants.org\\\/wp-content\\\/uploads\\\/logo-mail.png\",\"width\":380,\"height\":158,\"caption\":\"Casal dels Infants\"},\"image\":{\"@id\":\"https:\\\/\\\/www.casaldelsinfants.org\\\/es\\\/#\\\/schema\\\/logo\\\/image\\\/\"},\"sameAs\":[\"https:\\\/\\\/www.facebook.com\\\/casalinfants\",\"https:\\\/\\\/x.com\\\/casalinfants\",\"https:\\\/\\\/www.youtube.com\\\/user\\\/CasaldelsInfants1\",\"https:\\\/\\\/www.instagram.com\\\/casalinfants\\\/\",\"https:\\\/\\\/www.linkedin.com\\\/company\\\/casaldelsinfants?trk=organization-update_share-update_actor-text\"]}]}<\/script>\n<!-- \/ Yoast SEO plugin. -->","yoast_head_json":{"title":"Ventajas Fiscales | Casal dels Infants","description":"En Casal dels Infants podr\u00e1s desgravar tus donaciones hasta un 95% en la declaraci\u00f3n de la renta. Haz click e inf\u00f3rmate.","robots":{"index":"index","follow":"follow","max-snippet":"max-snippet:-1","max-image-preview":"max-image-preview:large","max-video-preview":"max-video-preview:-1"},"canonical":"https:\/\/www.casaldelsinfants.org\/es\/que-puedes-hacer-tu\/ventajas-fiscales\/","og_locale":"es_ES","og_type":"article","og_title":"Descubre las Ventajas Fiscales del Casal dels Infants","og_description":"En Casal dels Infants podr\u00e1s descubrir interesantes beneficios fiscales por tus donaciones. Haz click e inf\u00f3rmate.","og_url":"https:\/\/www.casaldelsinfants.org\/es\/que-puedes-hacer-tu\/ventajas-fiscales\/","og_site_name":"Casal dels Infants","article_publisher":"https:\/\/www.facebook.com\/casalinfants","article_modified_time":"2025-05-29T10:13:31+00:00","twitter_card":"summary_large_image","twitter_title":"Descubre las Ventajas Fiscales del Casal dels Infants","twitter_description":"En Casal dels Infants podr\u00e1s descubrir interesantes beneficios fiscales por tus donaciones. Haz click e inf\u00f3rmate.","twitter_site":"@casalinfants","twitter_misc":{"Tiempo de lectura":"2 minutos"},"schema":{"@context":"https:\/\/schema.org","@graph":[{"@type":"WebPage","@id":"https:\/\/www.casaldelsinfants.org\/es\/que-puedes-hacer-tu\/ventajas-fiscales\/","url":"https:\/\/www.casaldelsinfants.org\/es\/que-puedes-hacer-tu\/ventajas-fiscales\/","name":"Ventajas Fiscales | Casal dels Infants","isPartOf":{"@id":"https:\/\/www.casaldelsinfants.org\/es\/#website"},"datePublished":"2022-08-05T07:13:36+00:00","dateModified":"2025-05-29T10:13:31+00:00","description":"En Casal dels Infants podr\u00e1s desgravar tus donaciones hasta un 95% en la declaraci\u00f3n de la renta. Haz click e inf\u00f3rmate.","breadcrumb":{"@id":"https:\/\/www.casaldelsinfants.org\/es\/que-puedes-hacer-tu\/ventajas-fiscales\/#breadcrumb"},"inLanguage":"es","potentialAction":[{"@type":"ReadAction","target":["https:\/\/www.casaldelsinfants.org\/es\/que-puedes-hacer-tu\/ventajas-fiscales\/"]}]},{"@type":"BreadcrumbList","@id":"https:\/\/www.casaldelsinfants.org\/es\/que-puedes-hacer-tu\/ventajas-fiscales\/#breadcrumb","itemListElement":[{"@type":"ListItem","position":1,"name":"Inici","item":"https:\/\/www.casaldelsinfants.org\/es\/"},{"@type":"ListItem","position":2,"name":"Qu\u00e9 puedes hacer t\u00fa","item":"https:\/\/www.casaldelsinfants.org\/es\/que-puedes-hacer-tu\/"},{"@type":"ListItem","position":3,"name":"Ventajas fiscales"}]},{"@type":"WebSite","@id":"https:\/\/www.casaldelsinfants.org\/es\/#website","url":"https:\/\/www.casaldelsinfants.org\/es\/","name":"Casal dels Infants","description":"","publisher":{"@id":"https:\/\/www.casaldelsinfants.org\/es\/#organization"},"potentialAction":[{"@type":"SearchAction","target":{"@type":"EntryPoint","urlTemplate":"https:\/\/www.casaldelsinfants.org\/es\/?s={search_term_string}"},"query-input":{"@type":"PropertyValueSpecification","valueRequired":true,"valueName":"search_term_string"}}],"inLanguage":"es"},{"@type":"Organization","@id":"https:\/\/www.casaldelsinfants.org\/es\/#organization","name":"Casal dels Infants","url":"https:\/\/www.casaldelsinfants.org\/es\/","logo":{"@type":"ImageObject","inLanguage":"es","@id":"https:\/\/www.casaldelsinfants.org\/es\/#\/schema\/logo\/image\/","url":"https:\/\/www.casaldelsinfants.org\/wp-content\/uploads\/logo-mail.png","contentUrl":"https:\/\/www.casaldelsinfants.org\/wp-content\/uploads\/logo-mail.png","width":380,"height":158,"caption":"Casal dels Infants"},"image":{"@id":"https:\/\/www.casaldelsinfants.org\/es\/#\/schema\/logo\/image\/"},"sameAs":["https:\/\/www.facebook.com\/casalinfants","https:\/\/x.com\/casalinfants","https:\/\/www.youtube.com\/user\/CasaldelsInfants1","https:\/\/www.instagram.com\/casalinfants\/","https:\/\/www.linkedin.com\/company\/casaldelsinfants?trk=organization-update_share-update_actor-text"]}]}},"publishpress_future_action":{"enabled":false,"date":"2026-05-07 06:07:05","action":"change-status","newStatus":"draft","terms":[],"taxonomy":"translation_priority","extraData":[]},"publishpress_future_workflow_manual_trigger":{"enabledWorkflows":[]},"_links":{"self":[{"href":"https:\/\/www.casaldelsinfants.org\/es\/wp-json\/wp\/v2\/pages\/5991","targetHints":{"allow":["GET"]}}],"collection":[{"href":"https:\/\/www.casaldelsinfants.org\/es\/wp-json\/wp\/v2\/pages"}],"about":[{"href":"https:\/\/www.casaldelsinfants.org\/es\/wp-json\/wp\/v2\/types\/page"}],"author":[{"embeddable":true,"href":"https:\/\/www.casaldelsinfants.org\/es\/wp-json\/wp\/v2\/users\/3"}],"replies":[{"embeddable":true,"href":"https:\/\/www.casaldelsinfants.org\/es\/wp-json\/wp\/v2\/comments?post=5991"}],"version-history":[{"count":23,"href":"https:\/\/www.casaldelsinfants.org\/es\/wp-json\/wp\/v2\/pages\/5991\/revisions"}],"predecessor-version":[{"id":36669,"href":"https:\/\/www.casaldelsinfants.org\/es\/wp-json\/wp\/v2\/pages\/5991\/revisions\/36669"}],"up":[{"embeddable":true,"href":"https:\/\/www.casaldelsinfants.org\/es\/wp-json\/wp\/v2\/pages\/8671"}],"wp:attachment":[{"href":"https:\/\/www.casaldelsinfants.org\/es\/wp-json\/wp\/v2\/media?parent=5991"}],"wp:term":[{"taxonomy":"seus","embeddable":true,"href":"https:\/\/www.casaldelsinfants.org\/es\/wp-json\/wp\/v2\/seus?post=5991"},{"taxonomy":"eixos","embeddable":true,"href":"https:\/\/www.casaldelsinfants.org\/es\/wp-json\/wp\/v2\/eixos?post=5991"}],"curies":[{"name":"wp","href":"https:\/\/api.w.org\/{rel}","templated":true}]}}